{"id":2508,"date":"2025-03-17T16:58:58","date_gmt":"2025-03-17T16:58:58","guid":{"rendered":"https:\/\/mpib.hostdev.eu\/?page_id=2508"},"modified":"2025-03-17T17:03:28","modified_gmt":"2025-03-17T17:03:28","slug":"guia-reputacion-online","status":"publish","type":"page","link":"https:\/\/mpib.hostdev.eu\/es\/guia-reputacion-online\/","title":{"rendered":"Gu\u00eda de uso del servicio Reputaci\u00f3n Online"},"content":{"rendered":"\t\t<div data-elementor-type=\"wp-page\" data-elementor-id=\"2508\" class=\"elementor elementor-2508\" data-elementor-post-type=\"page\">\n\t\t\t\t\t\t<section class=\"elementor-section elementor-top-section elementor-element elementor-element-38c5932 elementor-section-boxed elementor-section-height-default elementor-section-height-default\" data-id=\"38c5932\" data-element_type=\"section\">\n\t\t\t\t\t\t<div class=\"elementor-container elementor-column-gap-default\">\n\t\t\t\t\t<div class=\"elementor-column elementor-col-100 elementor-top-column elementor-element elementor-element-9b1daad\" data-id=\"9b1daad\" data-element_type=\"column\">\n\t\t\t<div class=\"elementor-widget-wrap elementor-element-populated\">\n\t\t\t\t\t\t<div class=\"elementor-element elementor-element-131abb4 elementor-widget elementor-widget-heading\" data-id=\"131abb4\" data-element_type=\"widget\" data-widget_type=\"heading.default\">\n\t\t\t\t<div class=\"elementor-widget-container\">\n\t\t\t\t\t<h1 class=\"elementor-heading-title elementor-size-default\">Gu\u00eda de uso del servicio Reputaci\u00f3n Online<\/h1>\t\t\t\t<\/div>\n\t\t\t\t<\/div>\n\t\t\t\t\t<\/div>\n\t\t<\/div>\n\t\t\t\t\t<\/div>\n\t\t<\/section>\n\t\t\t\t<section class=\"elementor-section elementor-top-section elementor-element elementor-element-5624de5 elementor-section-boxed elementor-section-height-default elementor-section-height-default\" data-id=\"5624de5\" data-element_type=\"section\" data-settings=\"{&quot;background_background&quot;:&quot;classic&quot;}\">\n\t\t\t\t\t\t<div class=\"elementor-container elementor-column-gap-default\">\n\t\t\t\t\t<div class=\"elementor-column elementor-col-100 elementor-top-column elementor-element elementor-element-5eeae91\" data-id=\"5eeae91\" data-element_type=\"column\">\n\t\t\t<div class=\"elementor-widget-wrap elementor-element-populated\">\n\t\t\t\t\t\t<div class=\"elementor-element elementor-element-4cb2f80 elementor-widget elementor-widget-text-editor\" data-id=\"4cb2f80\" data-element_type=\"widget\" data-widget_type=\"text-editor.default\">\n\t\t\t\t<div class=\"elementor-widget-container\">\n\t\t\t\t\t\t\t\t\t<div class=\"MuiGrid-root MuiGrid-item MuiGrid-grid-xs-12\"><div class=\"MuiBox-root jss43\"><div class=\"MuiGrid-root MuiGrid-item MuiGrid-grid-xs-12\"><div class=\"MuiBox-root jss43\"><p class=\"MuiTypography-root jss38 MuiTypography-body1\">El nuevo servicio\u00a0<strong>Reputaci\u00f3n online<\/strong>\u00a0permite obtener una valoraci\u00f3n de tu reputaci\u00f3n en todo internet, puntuando los resultados para, de una manera sencilla, evaluar tu \u00edndice de reputaci\u00f3n.<\/p><p class=\"MuiTypography-root jss38 MuiTypography-body1\">Este servicio\u00a0<strong>solo est\u00e1 disponible para perfiles p\u00fablicos<\/strong>. Si quieres ser un perfil p\u00fablico, echa un vistazo a la siguiente secci\u00f3n:<\/p><\/div><\/div><div class=\"MuiGrid-root MuiGrid-item MuiGrid-grid-xs-12\"><div class=\"MuiBox-root jss44\"><p class=\"MuiTypography-root jss39 MuiTypography-body1\">Para acceder al servicio, deber\u00e1s seguir los\u00a0<strong>siguientes pasos:<\/strong><\/p><\/div><\/div><div class=\"MuiGrid-root MuiGrid-item MuiGrid-grid-xs-12\"><div class=\"MuiBox-root jss45\"><p class=\"MuiTypography-root jss39 MuiTypography-body1\"><strong>1.\u00a0<\/strong>Accede a tu cuenta, y en el menu principal despliega la secci\u00f3n\u00a0<strong>Mi Impacto en Internet<\/strong>. Haz click en\u00a0. Si quieres ir directamente tambien puedes hacer click\u00a0. Si quieres ir directamente tambien puedes hacer click<\/p><\/div><\/div><\/div><\/div>\t\t\t\t\t\t\t\t<\/div>\n\t\t\t\t<\/div>\n\t\t\t\t<div class=\"elementor-element elementor-element-bc153b9 elementor-widget elementor-widget-image\" data-id=\"bc153b9\" data-element_type=\"widget\" data-widget_type=\"image.default\">\n\t\t\t\t<div class=\"elementor-widget-container\">\n\t\t\t\t\t\t\t\t\t\t\t\t\t\t\t<img fetchpriority=\"high\" decoding=\"async\" width=\"341\" height=\"551\" src=\"\/wp-content\/uploads\/2025\/03\/01.6bea25ca4dead7994458.png\" class=\"attachment-full size-full wp-image-2512\" alt=\"\" srcset=\"\/wp-content\/uploads\/2025\/03\/01.6bea25ca4dead7994458.png 341w, \/wp-content\/uploads\/2025\/03\/01.6bea25ca4dead7994458-186x300.png 186w\" sizes=\"(max-width: 341px) 100vw, 341px\" \/>\t\t\t\t\t\t\t\t\t\t\t\t\t\t\t<\/div>\n\t\t\t\t<\/div>\n\t\t\t\t<div class=\"elementor-element elementor-element-e4f43e8 elementor-widget elementor-widget-text-editor\" data-id=\"e4f43e8\" data-element_type=\"widget\" data-widget_type=\"text-editor.default\">\n\t\t\t\t<div class=\"elementor-widget-container\">\n\t\t\t\t\t\t\t\t\t<div class=\"MuiGrid-root MuiGrid-item MuiGrid-grid-xs-12\"><div class=\"MuiBox-root jss45\"><p class=\"MuiTypography-root jss39 MuiTypography-body1\"><strong>2.\u00a0<\/strong>En esta secci\u00f3n, Despliega\u00a0y haz click en\u00a0y haz click en. Una vez solicitado, puede tardar hasta\u00a0<strong>24 horas<\/strong>\u00a0en generarse tu informe. Pero no te preocupes,\u00a0<strong>recibir\u00e1s una notificaci\u00f3n<\/strong>\u00a0cuando este disponible.<\/p><\/div><\/div>\t\t\t\t\t\t\t\t<\/div>\n\t\t\t\t<\/div>\n\t\t\t\t<div class=\"elementor-element elementor-element-d49a208 elementor-widget elementor-widget-image\" data-id=\"d49a208\" data-element_type=\"widget\" data-widget_type=\"image.default\">\n\t\t\t\t<div class=\"elementor-widget-container\">\n\t\t\t\t\t\t\t\t\t\t\t\t\t\t\t<img decoding=\"async\" width=\"1341\" height=\"647\" src=\"\/wp-content\/uploads\/2025\/03\/02.dc38e32f0b8ddaa27612.png\" class=\"attachment-full size-full wp-image-2514\" alt=\"\" srcset=\"\/wp-content\/uploads\/2025\/03\/02.dc38e32f0b8ddaa27612.png 1341w, \/wp-content\/uploads\/2025\/03\/02.dc38e32f0b8ddaa27612-300x145.png 300w, \/wp-content\/uploads\/2025\/03\/02.dc38e32f0b8ddaa27612-1024x494.png 1024w, \/wp-content\/uploads\/2025\/03\/02.dc38e32f0b8ddaa27612-768x371.png 768w\" sizes=\"(max-width: 1341px) 100vw, 1341px\" \/>\t\t\t\t\t\t\t\t\t\t\t\t\t\t\t<\/div>\n\t\t\t\t<\/div>\n\t\t\t\t<div class=\"elementor-element elementor-element-5611cf3 elementor-widget elementor-widget-text-editor\" data-id=\"5611cf3\" data-element_type=\"widget\" data-widget_type=\"text-editor.default\">\n\t\t\t\t<div class=\"elementor-widget-container\">\n\t\t\t\t\t\t\t\t\t<div class=\"MuiGrid-root MuiGrid-item MuiGrid-grid-xs-12\"><div class=\"MuiBox-root jss45\"><p class=\"MuiTypography-root jss39 MuiTypography-body1\"><strong>3.\u00a0<\/strong>Una vez solicitado, se te requerira una\u00a0,\u00a0,. Recuerda que dispones de un\u00a0<strong>an\u00e1lisis gratuito<\/strong>\u00a0al mes.<\/p><\/div><\/div>\t\t\t\t\t\t\t\t<\/div>\n\t\t\t\t<\/div>\n\t\t\t\t<div class=\"elementor-element elementor-element-be03ad7 elementor-widget elementor-widget-image\" data-id=\"be03ad7\" data-element_type=\"widget\" data-widget_type=\"image.default\">\n\t\t\t\t<div class=\"elementor-widget-container\">\n\t\t\t\t\t\t\t\t\t\t\t\t\t\t\t<img decoding=\"async\" width=\"720\" height=\"356\" src=\"\/wp-content\/uploads\/2025\/03\/03.9da9082ddcf771f4b3e8.png\" class=\"attachment-full size-full wp-image-2516\" alt=\"\" srcset=\"\/wp-content\/uploads\/2025\/03\/03.9da9082ddcf771f4b3e8.png 720w, \/wp-content\/uploads\/2025\/03\/03.9da9082ddcf771f4b3e8-300x148.png 300w\" sizes=\"(max-width: 720px) 100vw, 720px\" \/>\t\t\t\t\t\t\t\t\t\t\t\t\t\t\t<\/div>\n\t\t\t\t<\/div>\n\t\t\t\t<div class=\"elementor-element elementor-element-fc02bfb elementor-widget elementor-widget-text-editor\" data-id=\"fc02bfb\" data-element_type=\"widget\" data-widget_type=\"text-editor.default\">\n\t\t\t\t<div class=\"elementor-widget-container\">\n\t\t\t\t\t\t\t\t\t<div class=\"MuiGrid-root MuiGrid-item MuiGrid-grid-xs-12\"><div class=\"MuiBox-root jss45\"><p class=\"MuiTypography-root jss39 MuiTypography-body1\"><strong>4.\u00a0<\/strong>Una vez generado, podr\u00e1s consultarlo pulsando el bot\u00f3n\u00a0.<\/p><\/div><\/div>\t\t\t\t\t\t\t\t<\/div>\n\t\t\t\t<\/div>\n\t\t\t\t<div class=\"elementor-element elementor-element-33219db elementor-widget elementor-widget-image\" data-id=\"33219db\" data-element_type=\"widget\" data-widget_type=\"image.default\">\n\t\t\t\t<div class=\"elementor-widget-container\">\n\t\t\t\t\t\t\t\t\t\t\t\t\t\t\t<img loading=\"lazy\" decoding=\"async\" width=\"1591\" height=\"838\" src=\"\/wp-content\/uploads\/2025\/03\/04.10ede88285da27ca0b4d.png\" class=\"attachment-full size-full wp-image-2518\" alt=\"\" srcset=\"\/wp-content\/uploads\/2025\/03\/04.10ede88285da27ca0b4d.png 1591w, \/wp-content\/uploads\/2025\/03\/04.10ede88285da27ca0b4d-300x158.png 300w, \/wp-content\/uploads\/2025\/03\/04.10ede88285da27ca0b4d-1024x539.png 1024w, \/wp-content\/uploads\/2025\/03\/04.10ede88285da27ca0b4d-768x405.png 768w, \/wp-content\/uploads\/2025\/03\/04.10ede88285da27ca0b4d-1536x809.png 1536w\" sizes=\"(max-width: 1591px) 100vw, 1591px\" \/>\t\t\t\t\t\t\t\t\t\t\t\t\t\t\t<\/div>\n\t\t\t\t<\/div>\n\t\t\t\t<div class=\"elementor-element elementor-element-6e88093 elementor-widget elementor-widget-text-editor\" data-id=\"6e88093\" data-element_type=\"widget\" data-widget_type=\"text-editor.default\">\n\t\t\t\t<div class=\"elementor-widget-container\">\n\t\t\t\t\t\t\t\t\t<div class=\"MuiGrid-root MuiGrid-item MuiGrid-grid-xs-12\"><div class=\"MuiBox-root jss45\"><p class=\"MuiTypography-root jss39 MuiTypography-body1\"><strong>5.\u00a0<\/strong>Tambi\u00e9n podras consultar tus an\u00e1lisis previos en el desplegable de\u00a0<strong>Historial de informes<\/strong>. Adem\u00e1s de\u00a0y guardarlos para futuros usos.<\/p><\/div><\/div>\t\t\t\t\t\t\t\t<\/div>\n\t\t\t\t<\/div>\n\t\t\t\t<div class=\"elementor-element elementor-element-f781327 elementor-widget elementor-widget-image\" data-id=\"f781327\" data-element_type=\"widget\" data-widget_type=\"image.default\">\n\t\t\t\t<div class=\"elementor-widget-container\">\n\t\t\t\t\t\t\t\t\t\t\t\t\t\t\t<img loading=\"lazy\" decoding=\"async\" width=\"1589\" height=\"375\" src=\"\/wp-content\/uploads\/2025\/03\/05.6c34ac5e7567ced310f2.png\" class=\"attachment-full size-full wp-image-2520\" alt=\"\" srcset=\"\/wp-content\/uploads\/2025\/03\/05.6c34ac5e7567ced310f2.png 1589w, \/wp-content\/uploads\/2025\/03\/05.6c34ac5e7567ced310f2-300x71.png 300w, \/wp-content\/uploads\/2025\/03\/05.6c34ac5e7567ced310f2-1024x242.png 1024w, \/wp-content\/uploads\/2025\/03\/05.6c34ac5e7567ced310f2-768x181.png 768w, \/wp-content\/uploads\/2025\/03\/05.6c34ac5e7567ced310f2-1536x362.png 1536w\" sizes=\"(max-width: 1589px) 100vw, 1589px\" \/>\t\t\t\t\t\t\t\t\t\t\t\t\t\t\t<\/div>\n\t\t\t\t<\/div>\n\t\t\t\t\t<\/div>\n\t\t<\/div>\n\t\t\t\t\t<\/div>\n\t\t<\/section>\n\t\t\t\t<\/div>\n\t\t","protected":false},"excerpt":{"rendered":"<p>Gu\u00eda de uso del servicio Reputaci\u00f3n Online El nuevo servicio\u00a0Reputaci\u00f3n online\u00a0permite obtener una valoraci\u00f3n de tu reputaci\u00f3n en todo internet, puntuando los resultados para, de una manera sencilla, evaluar tu \u00edndice de reputaci\u00f3n. Este servicio\u00a0solo est\u00e1 disponible para perfiles p\u00fablicos. Si quieres ser un perfil p\u00fablico, echa un vistazo a la siguiente secci\u00f3n: Para acceder [&hellip;]<\/p>\n","protected":false},"author":1,"featured_media":0,"parent":0,"menu_order":0,"comment_status":"closed","ping_status":"closed","template":"","meta":{"inline_featured_image":false,"footnotes":""},"class_list":["post-2508","page","type-page","status-publish","hentry"],"_links":{"self":[{"href":"https:\/\/mpib.hostdev.eu\/es\/wp-json\/wp\/v2\/pages\/2508","targetHints":{"allow":["GET"]}}],"collection":[{"href":"https:\/\/mpib.hostdev.eu\/es\/wp-json\/wp\/v2\/pages"}],"about":[{"href":"https:\/\/mpib.hostdev.eu\/es\/wp-json\/wp\/v2\/types\/page"}],"author":[{"embeddable":true,"href":"https:\/\/mpib.hostdev.eu\/es\/wp-json\/wp\/v2\/users\/1"}],"replies":[{"embeddable":true,"href":"https:\/\/mpib.hostdev.eu\/es\/wp-json\/wp\/v2\/comments?post=2508"}],"version-history":[{"count":4,"href":"https:\/\/mpib.hostdev.eu\/es\/wp-json\/wp\/v2\/pages\/2508\/revisions"}],"predecessor-version":[{"id":2524,"href":"https:\/\/mpib.hostdev.eu\/es\/wp-json\/wp\/v2\/pages\/2508\/revisions\/2524"}],"wp:attachment":[{"href":"https:\/\/mpib.hostdev.eu\/es\/wp-json\/wp\/v2\/media?parent=2508"}],"curies":[{"name":"wp","href":"https:\/\/api.w.org\/{rel}","templated":true}]}}