{"id":2420,"date":"2025-03-17T14:58:04","date_gmt":"2025-03-17T14:58:04","guid":{"rendered":"https:\/\/mpib.hostdev.eu\/?page_id=2420"},"modified":"2025-03-17T15:53:20","modified_gmt":"2025-03-17T15:53:20","slug":"condiciones-legales","status":"publish","type":"page","link":"https:\/\/mpib.hostdev.eu\/es\/condiciones-legales\/","title":{"rendered":"Condiciones legales"},"content":{"rendered":"\t\t<div data-elementor-type=\"wp-page\" data-elementor-id=\"2420\" class=\"elementor elementor-2420\" data-elementor-post-type=\"page\">\n\t\t\t\t\t\t<section class=\"elementor-section elementor-top-section elementor-element elementor-element-38c5932 elementor-section-boxed elementor-section-height-default elementor-section-height-default\" data-id=\"38c5932\" data-element_type=\"section\">\n\t\t\t\t\t\t<div class=\"elementor-container elementor-column-gap-default\">\n\t\t\t\t\t<div class=\"elementor-column elementor-col-100 elementor-top-column elementor-element elementor-element-9b1daad\" data-id=\"9b1daad\" data-element_type=\"column\">\n\t\t\t<div class=\"elementor-widget-wrap elementor-element-populated\">\n\t\t\t\t\t\t<div class=\"elementor-element elementor-element-131abb4 elementor-widget elementor-widget-heading\" data-id=\"131abb4\" data-element_type=\"widget\" data-widget_type=\"heading.default\">\n\t\t\t\t<div class=\"elementor-widget-container\">\n\t\t\t\t\t<h1 class=\"elementor-heading-title elementor-size-default\">Condiciones<\/h1>\t\t\t\t<\/div>\n\t\t\t\t<\/div>\n\t\t\t\t\t<\/div>\n\t\t<\/div>\n\t\t\t\t\t<\/div>\n\t\t<\/section>\n\t\t\t\t<section class=\"elementor-section elementor-top-section elementor-element elementor-element-5624de5 elementor-section-boxed elementor-section-height-default elementor-section-height-default\" data-id=\"5624de5\" data-element_type=\"section\" data-settings=\"{&quot;background_background&quot;:&quot;classic&quot;}\">\n\t\t\t\t\t\t<div class=\"elementor-container elementor-column-gap-default\">\n\t\t\t\t\t<div class=\"elementor-column elementor-col-100 elementor-top-column elementor-element elementor-element-5eeae91\" data-id=\"5eeae91\" data-element_type=\"column\">\n\t\t\t<div class=\"elementor-widget-wrap elementor-element-populated\">\n\t\t\t\t\t\t<div class=\"elementor-element elementor-element-4cb2f80 elementor-widget elementor-widget-text-editor\" data-id=\"4cb2f80\" data-element_type=\"widget\" data-widget_type=\"text-editor.default\">\n\t\t\t\t<div class=\"elementor-widget-container\">\n\t\t\t\t\t\t\t\t\t<p><strong>1. Bienvenido a MyPublicInbox<\/strong><br \/>Gracias por tu inter\u00e9s en nuestros <strong>servicios de e-mail y mensajer\u00eda respetuosa de pago con respuesta garantizada<\/strong> (los <strong>\u00abServicios\u00bb<\/strong>).<\/p><p>Al utilizar nuestros Servicios, aceptas (1) estas Condiciones del Servicio, (2) las Pol\u00edticas de contenidos de MyPublicInbox, y (3) las Normas de uso de MyPublicInbox (conjuntamente, las <strong>\u00abCondiciones de MyPublicInbox\u00bb<\/strong>). Si alguna vez se contradicen, las Condiciones del Servicio prevalecer\u00e1n sobre cualquier otra estipulaci\u00f3n de las pol\u00edticas y directrices se\u00f1aladas en los n\u00fameros (2) y (3) anteriores. Por favor, lee estas Condiciones del Servicio y el resto de las Condiciones de MyPublicInbox detenidamente.<\/p><p>Seg\u00fan se utilice en las presentes Condiciones del Servicio, \u00abt\u00fa\u00bb significa la persona f\u00edsica o entidad que utilice los Servicios (y\/o cualquier persona, agente, empleado, representante, red, matriz, filial, entidad afiliada, entidad sucesora, entidad vinculada, cesionario o cualquier otra persona o entidad que act\u00fae en tu nombre, bajo tu direcci\u00f3n o control o bajo la direcci\u00f3n o el control de la misma entidad que ejerce control sobre ti). \u00abNosotros\u00bb o \u00abMyPublicInbox\u00bb significa MyPublicInbox, S.L., y las \u00abpartes\u00bb significa t\u00fa y MyPublicInbox.<\/p><p><strong>2. Acceso a los Servicios; Cuentas de MyPublicInbox<\/strong><br \/>Tu uso de los Servicios est\u00e1 sujeto a tu creaci\u00f3n y nuestra aprobaci\u00f3n de una cuenta de MyPublicInbox (una \u00abCuenta\u00bb). Tenemos derecho a rechazar o limitar tu acceso a los Servicios. Para verificar tu Cuenta, podremos solicitarte informaci\u00f3n adicional sobre ti ocasionalmente, incluyendo, pero sin limitarse a, la verificaci\u00f3n de tu nombre, direcci\u00f3n y otra informaci\u00f3n de identificaci\u00f3n. Al enviar una solicitud para utilizar los Servicios, si eres una persona f\u00edsica, manifiestas que tienes por lo menos 18 a\u00f1os de edad. Solamente puedes tener una Cuenta. Tu cuenta ser\u00e1 privada, y s\u00f3lo ser\u00e1 visible para aquellos Perfiles P\u00fablicos a los que t\u00fa contactes.<\/p><p><strong>3. Uso de nuestros Servicios<\/strong><br \/>Puedes utilizar nuestros Servicios solo seg\u00fan lo permitan las Condiciones de MyPublicInbox y las leyes vigentes. No uses incorrectamente nuestros Servicios. Por ejemplo, no interfieras en nuestros Servicios ni intentes acceder a ellos utilizando un m\u00e9todo distinto de la interfaz y las instrucciones que proporcionamos.<\/p><p>Puedes dejar de utilizar nuestros Servicios en cualquier momento si solicitas dar de baja tu Cuenta.<\/p><p><strong>4. Cambios en nuestros Servicios; cambios en las Condiciones de MyPublicInbox<\/strong><br \/>Estamos cambiando y mejorando constantemente nuestros Servicios. Podemos a\u00f1adir o eliminar funcionalidades o prestaciones de los Servicios en cualquier momento y podemos suspender o interrumpir un Servicio por completo.<\/p><p>Podemos modificar las Condiciones de MyPublicInbox en cualquier momento. Publicaremos cualquier modificaci\u00f3n de las Condiciones del Servicio en esta p\u00e1gina y cualquier modificaci\u00f3n de las Pol\u00edticas de contenidos de MyPublicInbox o de las Normas de uso de MyPublicInbox . Los cambios, en general, entrar\u00e1n en vigor 10 d\u00edas despu\u00e9s de su publicaci\u00f3n. Sin embargo, los cambios relacionados con nuevas funciones de un Servicio o los cambios efectuados por motivos legales entrar\u00e1n en vigor de manera inmediata. Si no aceptas las condiciones modificadas de las Condiciones de MyPublicInbox, tendr\u00e1s que dejar de utilizar los Servicios afectados.<\/p><p><strong>5. Definiciones<\/strong><br \/><strong>Unidad de Mensaje:<\/strong> La unidad de mensaje equivale a un texto de entre 200 y 1000 palabras, dependiendo del Perfil P\u00fablico.<\/p><p><strong>Mensaje:<\/strong> Un mensaje puede constar de varias Unidades de Mensaje<\/p><p><strong>Precio de la Unidad de Mensaje:<\/strong> El precio que cada Perfil P\u00fablico pone a la recepci\u00f3n, lectura y respuesta de cada Unidad de Mensaje dirigida a \u00e9l.<\/p><p><strong>Tempo:<\/strong> Cr\u00e9dito virtual de MyPublicInbox que permite el pago de las Unidades de Mensaje enviadas a Perfiles P\u00fablicos.<\/p><p><strong>6. Proceso de Compra de Tempos<\/strong><br \/>Comprar Tempos en MyPublicInbox es f\u00e1cil y sencillo, solo tienes que seguir los siguientes pasos:<\/p><ol><li>Seleccionar el pack de Tempos que desees adquirir de entre los ofrecidos por MyPublicInbox. Durante el proceso de compra tendr\u00e1s toda la informaci\u00f3n necesaria. Si necesitas saber m\u00e1s no dudes en preguntarnos.<\/li><li>Una vez seleccionado el\/los packs que desees comprar, deber\u00e1s pulsar el bot\u00f3n \u00abFinalizar compra\u00bb para proceder directamente al pago.<\/li><li>Antes de proceder con el pago aparecer\u00e1 un resumen identificando el\/los packs seleccionados. Finalmente, para continuar con tu pedido, deber\u00e1s pulsar el bot\u00f3n \u00abConfirmar\u00bb.<\/li><li>Para poder finalizar tu compra es necesario que seas titular de una cuenta de MyPublicInbox y que hayas iniciado sesi\u00f3n. Si o has iniciado sesi\u00f3n, se te ofrecer\u00e1 la posibilidad de Iniciar sesi\u00f3n o de Registrarte. Dependiendo de tu situaci\u00f3n deber\u00e1s Iniciar Sesi\u00f3n (si ya posees una cuenta) o bien registrarte (si a\u00fan no lo has hecho).<\/li><li>Por \u00faltimo, deber\u00e1s elegir el medio de pago de tu pedido de entre los ofrecidos por MyPublicInbox (ver apartado 7).<\/li><li>Una vez finalizado el proceso de pedido, MyPublicInbox te enviar\u00e1 un correo electr\u00f3nico a tu cuenta, en el que se detallar\u00e1n los datos del mismo. Adem\u00e1s, el saldo actualizado de Tempos deber\u00e1 quedar reflejado en tu Cuenta pasados unos instantes. Si no recibes este correo en 24 horas, o si los Tempos comprados no aparecen reflejados en tu cuenta, ponte en contacto con nosotros por cualquiera de los siguientes medios:<\/li><\/ol>\t\t\t\t\t\t\t\t<\/div>\n\t\t\t\t<\/div>\n\t\t\t\t<section class=\"elementor-section elementor-inner-section elementor-element elementor-element-36acef3 elementor-section-boxed elementor-section-height-default elementor-section-height-default\" data-id=\"36acef3\" data-element_type=\"section\" data-settings=\"{&quot;background_background&quot;:&quot;classic&quot;}\">\n\t\t\t\t\t\t<div class=\"elementor-container elementor-column-gap-default\">\n\t\t\t\t\t<div class=\"elementor-column elementor-col-100 elementor-inner-column elementor-element elementor-element-bcd6f99\" data-id=\"bcd6f99\" data-element_type=\"column\">\n\t\t\t<div class=\"elementor-widget-wrap elementor-element-populated\">\n\t\t\t\t\t\t<div class=\"elementor-element elementor-element-9685640 elementor-widget elementor-widget-text-editor\" data-id=\"9685640\" data-element_type=\"widget\" data-widget_type=\"text-editor.default\">\n\t\t\t\t<div class=\"elementor-widget-container\">\n\t\t\t\t\t\t\t\t\t<ul><li>Formulario de contacto que encontrar\u00e1s en la secci\u00f3n \u201cCont\u00e1ctanos\u201d de esta web<\/li><li>Escribi\u00e9ndonos un correo a la direcci\u00f3n <a href=\"mailto:info@mypublicinbox.com\">info@mypublicinbox.com<\/a><\/li><\/ul>\t\t\t\t\t\t\t\t<\/div>\n\t\t\t\t<\/div>\n\t\t\t\t\t<\/div>\n\t\t<\/div>\n\t\t\t\t\t<\/div>\n\t\t<\/section>\n\t\t\t\t<div class=\"elementor-element elementor-element-e4f43e8 elementor-widget elementor-widget-text-editor\" data-id=\"e4f43e8\" data-element_type=\"widget\" data-widget_type=\"text-editor.default\">\n\t\t\t\t<div class=\"elementor-widget-container\">\n\t\t\t\t\t\t\t\t\t<p><strong>7. Formas de pago<\/strong><br \/>MyPublicInbox nunca recoge ni manipula nig\u00fan dato bancario tuyo. Todos los datos son tratados directamente por PayPal de forma que MyPublicInbox, S.L. siempre puedan ofrecer la mayor transparencia, seguridad y confidencialidad en la transacci\u00f3n.<\/p><p>El servicio de pago prestado por PayPal ofrece diversas modalidades de pago para facilitarte la compra:<\/p><ol><li>Tarjeta de Cr\u00e9dito y\/o D\u00e9bito: VISA, MASTERCARD y American Express<\/li><li>Cuenta PayPal<\/li><\/ol><p>siendo todas ellas seguras y gestionadas directamente por PayPal.<\/p><p><strong>8. Impuestos y tasas<\/strong><br \/>El precio de venta de los packs de Tempos incluyen siempre IVA. Tras completar la compra recibir\u00e1s en su correo electr\u00f3nico una factura a su nombre con los datos personales facilitados por los packs comprados.<\/p><p><strong>9. Pol\u00edtica de precios<\/strong><br \/>Los precios de los packs de Tempos est\u00e1n expresados en Euros, y son v\u00e1lidos salvo error tipogr\u00e1fico. En el caso de que se produzca un error manifiesto en la fijaci\u00f3n del precio que aparezca en la ficha de servicio, prevalecer\u00e1 el precio establecido para dicho servicio en el email informativo que te proporcionaremos cuando detectemos el error.<\/p><p>Los precios de la Unidad de Mensaje de cada Perfil P\u00fablico quedan fijados por los Perfiles P\u00fablicos. En el caso de que se produzca una diferencia de precio entre el momento del env\u00edo del mensaje y el momento de la respuesta por parte del Perfil P\u00fablico, prevalecer\u00e1 el precio establecido para dicho servicio en el momento del env\u00edo del mensaje.<\/p><p><strong>10. Cobros y devoluciones de Tempos<\/strong><br \/>Cada vez que usted pulse <strong>Enviar<\/strong> para realizar el env\u00edo de un mensaje (e-mail o mensaje de voz) el precio de dicho mensaje en Tempos se le avisar\u00e1 y se pedir\u00e1 su confirmaci\u00f3n expresa para completar el env\u00edo. Una vez confirmado el env\u00edo del mensaje, el coste del mismo se descontar\u00e1 de su saldo en Tempos.<\/p><p>Tras el env\u00edo de un mensaje, un aviso le informar\u00e1 del plazo m\u00e1ximo en el que usted recibir\u00e1 la respuesta. En caso de que ese plazo haya expirado y usted no haya recibido respuesta, se le reembolsar\u00e1 el coste \u00edntegro del mensaje en Tempos. Un e-mail en su cuenta le informar\u00e1 de la devoluci\u00f3n. El saldo de Tempos tras una devoluci\u00f3n quedar\u00e1 actualizado en un plazo m\u00e1ximo de 24 horas tras haberse realizado la devoluci\u00f3n.<\/p><p><strong>11. Cancelaci\u00f3n y suspensi\u00f3n<\/strong><br \/>Si MyPublicInbox, S.L. cancela tu cuenta a causa de un incumplimiento de las Condiciones de MyPublicInbox por tu parte, incluida pero no limitada a, el desarrollo de una actividad no v\u00e1lida por tu parte o de que no prevengas dicha actividad en cualquier comunicaci\u00f3n, o tu falta de pleno cumplimiento de cualquier otro modo de las Pol\u00edticas de MyPublicInbox, no tendr\u00e1s derecho a ning\u00fan pago o reembolso adicional de MyPublicInbox, S.L. por el saldo pendiente asociado a tu Cuenta. Si incumples las Condiciones de MyPublicInbox o MyPublicInbox, S.L. suspende o cancela tu Cuenta, tendr\u00e1s prohibido crear una nueva Cuenta.<\/p><p>Puedes cesar en tu uso de los Servicios en cualquier momento, completando el <strong>proceso de cancelaci\u00f3n<\/strong> de cuenta. Tu Cuenta de MyPublicInbox se considerar\u00e1 cancelada a los 10 d\u00edas laborables despu\u00e9s de que MyPublicInbox, S.L. reciba tu aviso. Si cancelas tu Cuenta est\u00e1s renunciando al saldo en Tempos reflejado en \u00e9sta en caso de ser positivo.<\/p><p><strong>12. Derecho de admisi\u00f3n en MyPublicInbox<\/strong><br \/>MyPublicInbox tiene car\u00e1cter privado y, por tanto, puede ejercer su derecho de admisi\u00f3n. El hecho de crear una cuenta en MyPublicInbox implica la aceptaci\u00f3n de todos sus t\u00e9rminos sin condiciones (pueden leerse INCLUIR EL ENLACE). En caso contrario, MyPublicInbox, S.L. har\u00e1 uso del derecho de admisi\u00f3n, cancelando la cuenta o tomando las medidas oportunas sin explicaci\u00f3n previa. En ning\u00fan caso se efectuar\u00e1 la devoluci\u00f3n del saldo en Tempos.<\/p><p><strong>13. Pruebas<\/strong><br \/>Autorizas a MyPublicInbox, S.L. a llevar a cabo pruebas peri\u00f3dicas que pueden afectar a tu uso de los Servicios. Para asegurar los plazos y la validez de los resultados de las pruebas, autorizas a MyPublicInbox, S.L. a realizarlas sin previo aviso.<\/p><p><strong>14. Privacidad<\/strong><br \/>Nuestra Pol\u00edtica de privacidad explica c\u00f3mo tratamos tus datos personales y protegemos tu privacidad cuando utilizas nuestros Servicios. Al utilizar nuestros Servicios, aceptas que MyPublicInbox, S.L. utilice dichos datos de acuerdo con nuestra Pol\u00edtica de privacidad. Tanto MyPublicInbox, S.L. como t\u00fa acept\u00e1is las Condiciones de protecci\u00f3n de datos entre responsable y responsable de MyPublicInbox, S.L.<\/p><p><strong>15. Limitaci\u00f3n de responsabilidad<\/strong><br \/>Nada de lo estipulado en las presentes Condiciones de MyPublicInbox excluir\u00e1 o limitar\u00e1 la responsabilidad de ninguna de las partes por (a) fraude o declaraci\u00f3n fraudulenta; (b) muerte o lesiones personales causadas por negligencia; o (c) cualquier otra cosa que no se pueda excluir o limitar por ley.<\/p><p>Ninguna de las partes ser\u00e1 responsable en virtud de estas Condiciones de MyPublicInbox (ya sea contractual, extracontractualmente o de cualquier otro modo) por p\u00e9rdidas especiales, indirectas o consecuenciales (tanto si dichas p\u00e9rdidas hubieran sido previsibles, conocidas o de cualquier otro tipo).<\/p><p>La responsabilidad total agregada de cada una de las partes en virtud de estas Condiciones de MyPublicInbox (ya sea contractual, extracontractualmente o de cualquier otro modo) no superar\u00e1 el 125% de la cantidad abonada o pagadera por MyPublicInbox, S.L. en el periodo de los 12 meses inmediatamente anteriores a la primera fecha en la que surgiera dicha responsabilidad.<\/p><p>Las limitaciones y exclusiones de responsabilidad de esta Secci\u00f3n 14 no se aplicar\u00e1n con respecto a la responsabilidad en la que puedas incurrir conforme a la Secci\u00f3n 9 (Propiedad intelectual e industrial; Signos Distintivos), la Secci\u00f3n 11 (Confidencialidad) o la Secci\u00f3n 12 (Indemnizaci\u00f3n)<\/p><p><strong>16. General<\/strong><br \/>Acuerdo completo; Modificaciones. Las Condiciones de MyPublicInbox son nuestro \u00fanico acuerdo en relaci\u00f3n con tu uso de los Servicios y reemplaza cualquier otro acuerdo anterior o contempor\u00e1neo al respecto. Ninguna de las partes tendr\u00e1 ning\u00fan derecho o recurso basado en ninguna declaraci\u00f3n, manifestaci\u00f3n o garant\u00eda (ya sea efectuada negligente o involuntariamente) no expresamente establecida en el Contrato. Estas Condiciones de MyPublicInbox pueden modificarse (i) por escrito en un correo a su cuenta en el que expresamente se indique que se modifican las Condiciones de MyPublicInbox y se solicite su conformidad; o (ii) seg\u00fan lo establecido en la Secci\u00f3n 4, si continuas utilizando los Servicios despu\u00e9s de que MyPublicInbox, S.L. modifique las Condiciones de MyPublicInbox.<\/p><p>Cesi\u00f3n. No puedes ceder ni transferir ninguno de tus derechos conforme a las Condiciones de MyPublicInbox.<\/p><p>Contratistas independientes. Las partes son contratistas independientes y las Condiciones de MyPublicInbox no crean un contrato de agencia, sociedad colectiva o joint venture alguna entre las partes.<\/p><p>Divisibilidad. En caso de que una condici\u00f3n espec\u00edfica de las Condiciones de MyPublicInbox resultara no ser v\u00e1lida, el resto de \u00e9l permanecer\u00e1 vigente.<\/p><p>Ley vigente; jurisdicci\u00f3n. Las Condiciones de MyPublicInbox se regir\u00e1n por la ley espa\u00f1ola y las partes se someten a la competencia exclusiva de los tribunales de Madrid capital en relaci\u00f3n con cualquier controversia (contractual o extracontractual) con respecto al Contrato.<\/p><p>Fuerza mayor. Ninguna de las partes ser\u00e1 responsable del incumplimiento inadecuado en la medida en que haya sido causado por una situaci\u00f3n (por ejemplo, desastre natural, acto de guerra o terrorismo, rebeli\u00f3n, condici\u00f3n laboral, acci\u00f3n gubernamental e interrupci\u00f3n de Internet) que estuviese m\u00e1s all\u00e1 del control razonable de la parte.<\/p><p>Comunicaciones. En relaci\u00f3n con tu uso de los Servicios, podemos comunicarnos contigo con respecto a anuncios de servicio, mensajes administrativos y otra informaci\u00f3n. Para obtener informaci\u00f3n sobre c\u00f3mo comunicarte con MyPublicInbox, S.L., visita nuestra p\u00e1gina de contacto.<\/p>\t\t\t\t\t\t\t\t<\/div>\n\t\t\t\t<\/div>\n\t\t\t\t\t<\/div>\n\t\t<\/div>\n\t\t\t\t\t<\/div>\n\t\t<\/section>\n\t\t\t\t<\/div>\n\t\t","protected":false},"excerpt":{"rendered":"<p>Condiciones 1. Bienvenido a MyPublicInboxGracias por tu inter\u00e9s en nuestros servicios de e-mail y mensajer\u00eda respetuosa de pago con respuesta garantizada (los \u00abServicios\u00bb). Al utilizar nuestros Servicios, aceptas (1) estas Condiciones del Servicio, (2) las Pol\u00edticas de contenidos de MyPublicInbox, y (3) las Normas de uso de MyPublicInbox (conjuntamente, las \u00abCondiciones de MyPublicInbox\u00bb). Si alguna [&hellip;]<\/p>\n","protected":false},"author":1,"featured_media":0,"parent":0,"menu_order":0,"comment_status":"closed","ping_status":"closed","template":"","meta":{"inline_featured_image":false,"footnotes":""},"class_list":["post-2420","page","type-page","status-publish","hentry"],"_links":{"self":[{"href":"https:\/\/mpib.hostdev.eu\/es\/wp-json\/wp\/v2\/pages\/2420","targetHints":{"allow":["GET"]}}],"collection":[{"href":"https:\/\/mpib.hostdev.eu\/es\/wp-json\/wp\/v2\/pages"}],"about":[{"href":"https:\/\/mpib.hostdev.eu\/es\/wp-json\/wp\/v2\/types\/page"}],"author":[{"embeddable":true,"href":"https:\/\/mpib.hostdev.eu\/es\/wp-json\/wp\/v2\/users\/1"}],"replies":[{"embeddable":true,"href":"https:\/\/mpib.hostdev.eu\/es\/wp-json\/wp\/v2\/comments?post=2420"}],"version-history":[{"count":7,"href":"https:\/\/mpib.hostdev.eu\/es\/wp-json\/wp\/v2\/pages\/2420\/revisions"}],"predecessor-version":[{"id":2440,"href":"https:\/\/mpib.hostdev.eu\/es\/wp-json\/wp\/v2\/pages\/2420\/revisions\/2440"}],"wp:attachment":[{"href":"https:\/\/mpib.hostdev.eu\/es\/wp-json\/wp\/v2\/media?parent=2420"}],"curies":[{"name":"wp","href":"https:\/\/api.w.org\/{rel}","templated":true}]}}