{"id":241,"date":"2024-11-26T08:33:33","date_gmt":"2024-11-26T08:33:33","guid":{"rendered":"https:\/\/mpib.hostdev.eu\/?page_id=241"},"modified":"2025-03-13T16:43:27","modified_gmt":"2025-03-13T16:43:27","slug":"videosaludos","status":"publish","type":"page","link":"https:\/\/mpib.hostdev.eu\/es\/videosaludos\/","title":{"rendered":"Videosaludos"},"content":{"rendered":"\t\t<div data-elementor-type=\"wp-page\" data-elementor-id=\"241\" class=\"elementor elementor-241\" data-elementor-post-type=\"page\">\n\t\t\t\t\t\t<section class=\"elementor-section elementor-top-section elementor-element elementor-element-5a55bbc elementor-section-boxed elementor-section-height-default elementor-section-height-default\" data-id=\"5a55bbc\" data-element_type=\"section\">\n\t\t\t\t\t\t<div class=\"elementor-container elementor-column-gap-default\">\n\t\t\t\t\t<div class=\"elementor-column elementor-col-100 elementor-top-column elementor-element elementor-element-f8ba714\" data-id=\"f8ba714\" data-element_type=\"column\">\n\t\t\t<div class=\"elementor-widget-wrap\">\n\t\t\t\t\t\t\t<\/div>\n\t\t<\/div>\n\t\t\t\t\t<\/div>\n\t\t<\/section>\n\t\t\t\t<section class=\"elementor-section elementor-top-section elementor-element elementor-element-6f6b8f7 elementor-section-boxed elementor-section-height-default elementor-section-height-default\" data-id=\"6f6b8f7\" data-element_type=\"section\">\n\t\t\t\t\t\t<div class=\"elementor-container elementor-column-gap-default\">\n\t\t\t\t\t<div class=\"elementor-column elementor-col-50 elementor-top-column elementor-element elementor-element-6a43df1\" data-id=\"6a43df1\" data-element_type=\"column\">\n\t\t\t<div class=\"elementor-widget-wrap elementor-element-populated\">\n\t\t\t\t\t\t<div class=\"elementor-element elementor-element-2d382c5 elementor-widget elementor-widget-heading\" data-id=\"2d382c5\" data-element_type=\"widget\" data-widget_type=\"heading.default\">\n\t\t\t\t<div class=\"elementor-widget-container\">\n\t\t\t\t\t<h1 class=\"elementor-heading-title elementor-size-default\">Videosaludos<\/h1>\t\t\t\t<\/div>\n\t\t\t\t<\/div>\n\t\t\t\t<div class=\"elementor-element elementor-element-b5a8ffe elementor-widget elementor-widget-heading\" data-id=\"b5a8ffe\" data-element_type=\"widget\" data-widget_type=\"heading.default\">\n\t\t\t\t<div class=\"elementor-widget-container\">\n\t\t\t\t\t<h2 class=\"elementor-heading-title elementor-size-default\">Env\u00eda videos personalizados a seguidores o clientes<\/h2>\t\t\t\t<\/div>\n\t\t\t\t<\/div>\n\t\t\t\t<div class=\"elementor-element elementor-element-4db3e5a elementor-widget elementor-widget-text-editor\" data-id=\"4db3e5a\" data-element_type=\"widget\" data-widget_type=\"text-editor.default\">\n\t\t\t\t<div class=\"elementor-widget-container\">\n\t\t\t\t\t\t\t\t\t<p>El servicio de Videosaludos permite solicitar o, si eres perfil p\u00fablico,\u00a0<strong>enviar videos personalizados a usuarios, seguidores o clientes<\/strong>, con diferentes valores en Tempos, para fines personales o comerciales. Solicita tu Videosaludo y, si eres perfil p\u00fablico, configura tus valores de Tempos, activa el servicio, y recibe solicitudes que puedes atender en 14 d\u00edas.<\/p>\t\t\t\t\t\t\t\t<\/div>\n\t\t\t\t<\/div>\n\t\t\t\t<div class=\"elementor-element elementor-element-188c9bc elementor-widget elementor-widget-button\" data-id=\"188c9bc\" data-element_type=\"widget\" data-widget_type=\"button.default\">\n\t\t\t\t<div class=\"elementor-widget-container\">\n\t\t\t\t\t\t\t\t\t<div class=\"elementor-button-wrapper\">\n\t\t\t\t\t<a class=\"elementor-button elementor-button-link elementor-size-sm\" href=\"\/dashboard\">\n\t\t\t\t\t\t<span class=\"elementor-button-content-wrapper\">\n\t\t\t\t\t\t\t\t\t<span class=\"elementor-button-text\">Quiero utilizar los videosaludos<\/span>\n\t\t\t\t\t<\/span>\n\t\t\t\t\t<\/a>\n\t\t\t\t<\/div>\n\t\t\t\t\t\t\t\t<\/div>\n\t\t\t\t<\/div>\n\t\t\t\t\t<\/div>\n\t\t<\/div>\n\t\t\t\t<div class=\"elementor-column elementor-col-50 elementor-top-column elementor-element elementor-element-392d3cd\" data-id=\"392d3cd\" data-element_type=\"column\">\n\t\t\t<div class=\"elementor-widget-wrap elementor-element-populated\">\n\t\t\t\t\t\t<div class=\"elementor-element elementor-element-21f4f40 elementor-widget elementor-widget-image\" data-id=\"21f4f40\" data-element_type=\"widget\" data-widget_type=\"image.default\">\n\t\t\t\t<div class=\"elementor-widget-container\">\n\t\t\t\t\t\t\t\t\t\t\t\t\t\t\t<img fetchpriority=\"high\" decoding=\"async\" width=\"514\" height=\"521\" src=\"\/wp-content\/uploads\/2024\/11\/intro-videosaludos.webp\" class=\"attachment-full size-full wp-image-419\" alt=\"Videosaludos\" srcset=\"\/wp-content\/uploads\/2024\/11\/intro-videosaludos.webp 514w, \/wp-content\/uploads\/2024\/11\/intro-videosaludos-296x300.webp 296w\" sizes=\"(max-width: 514px) 100vw, 514px\" \/>\t\t\t\t\t\t\t\t\t\t\t\t\t\t\t<\/div>\n\t\t\t\t<\/div>\n\t\t\t\t\t<\/div>\n\t\t<\/div>\n\t\t\t\t\t<\/div>\n\t\t<\/section>\n\t\t\t\t<section class=\"elementor-section elementor-top-section elementor-element elementor-element-5fece23 elementor-section-boxed elementor-section-height-default elementor-section-height-default\" data-id=\"5fece23\" data-element_type=\"section\" data-settings=\"{&quot;background_background&quot;:&quot;classic&quot;}\">\n\t\t\t\t\t\t<div class=\"elementor-container elementor-column-gap-default\">\n\t\t\t\t\t<div class=\"elementor-column elementor-col-100 elementor-top-column elementor-element elementor-element-77565e6\" data-id=\"77565e6\" data-element_type=\"column\">\n\t\t\t<div class=\"elementor-widget-wrap elementor-element-populated\">\n\t\t\t\t\t\t<section class=\"elementor-section elementor-inner-section elementor-element elementor-element-500be2f elementor-section-boxed elementor-section-height-default elementor-section-height-default\" data-id=\"500be2f\" data-element_type=\"section\">\n\t\t\t\t\t\t<div class=\"elementor-container elementor-column-gap-wider\">\n\t\t\t\t\t<div class=\"elementor-column elementor-col-50 elementor-inner-column elementor-element elementor-element-c3f6ebc\" data-id=\"c3f6ebc\" data-element_type=\"column\">\n\t\t\t<div class=\"elementor-widget-wrap elementor-element-populated\">\n\t\t\t\t\t\t<div class=\"elementor-element elementor-element-99edae1 elementor-widget elementor-widget-heading\" data-id=\"99edae1\" data-element_type=\"widget\" data-widget_type=\"heading.default\">\n\t\t\t\t<div class=\"elementor-widget-container\">\n\t\t\t\t\t<h2 class=\"elementor-heading-title elementor-size-default\">Qu\u00e9 son y como configurar configurar \u201cVideosaludos\u201d<\/h2>\t\t\t\t<\/div>\n\t\t\t\t<\/div>\n\t\t\t\t<div class=\"elementor-element elementor-element-177aca9 elementor-widget elementor-widget-text-editor\" data-id=\"177aca9\" data-element_type=\"widget\" data-widget_type=\"text-editor.default\">\n\t\t\t\t<div class=\"elementor-widget-container\">\n\t\t\t\t\t\t\t\t\t<p>Con los \u201cVideosaludos\u201d de MyPublicInbox, tienes la oportunidad de crear momentos \u00fanicos y memorables para tus seguidores, amigos o clientes. Este servicio te permite crear mensajes en video personalizados, ya sea con fines personales o con fines comerciales. Puedes configurar dos valores en Tempos diferentes: una para saludos personales y otra para prop\u00f3sitos comerciales. Describe brevemente el tipo de videos que ofreces para guiar a quienes te lo soliciten, y no olvides \u201cactivar\u201d el \u201cServicio de Videosaludos \u201den tu perfil.<\/p><p>Al recibir una solicitud, accede a la secci\u00f3n de Solicitudes recibidas y tendr\u00e1s 14 d\u00edas para grabar y subir tu video. Una vez completada la petici\u00f3n, recibir\u00e1s tus Tempos como compensaci\u00f3n. Si en alg\u00fan momento no puedes atender una solicitud, tienes la flexibilidad de cancelarla sin problema.<\/p><p>Si lo que deseas es solicitar un Videosaludo accede a los perfiles p\u00fablicos y filtra por \u201cs\u00f3lo con videosaludos\u201d. As\u00ed podr\u00e1s elegir a que perfil se lo solicitas y ver\u00e1s su valoraci\u00f3n en Tempos al pinchar en el perfil y en el bot\u00f3n \u201cVideosaludo\u201d.<\/p>\t\t\t\t\t\t\t\t<\/div>\n\t\t\t\t<\/div>\n\t\t\t\t\t<\/div>\n\t\t<\/div>\n\t\t\t\t<div class=\"elementor-column elementor-col-50 elementor-inner-column elementor-element elementor-element-95cd063\" data-id=\"95cd063\" data-element_type=\"column\">\n\t\t\t<div class=\"elementor-widget-wrap elementor-element-populated\">\n\t\t\t\t\t\t<div class=\"elementor-element elementor-element-9dd81e3 elementor-widget elementor-widget-image\" data-id=\"9dd81e3\" data-element_type=\"widget\" data-widget_type=\"image.default\">\n\t\t\t\t<div class=\"elementor-widget-container\">\n\t\t\t\t\t\t\t\t\t\t\t\t\t\t\t<img decoding=\"async\" width=\"561\" height=\"522\" src=\"\/wp-content\/uploads\/2024\/11\/videosaludos-01.webp\" class=\"attachment-full size-full wp-image-521\" alt=\"Videosaludos\" srcset=\"\/wp-content\/uploads\/2024\/11\/videosaludos-01.webp 561w, \/wp-content\/uploads\/2024\/11\/videosaludos-01-300x279.webp 300w\" sizes=\"(max-width: 561px) 100vw, 561px\" \/>\t\t\t\t\t\t\t\t\t\t\t\t\t\t\t<\/div>\n\t\t\t\t<\/div>\n\t\t\t\t\t<\/div>\n\t\t<\/div>\n\t\t\t\t\t<\/div>\n\t\t<\/section>\n\t\t\t\t<section class=\"elementor-section elementor-inner-section elementor-element elementor-element-465c609 elementor-reverse-mobile elementor-section-boxed elementor-section-height-default elementor-section-height-default\" data-id=\"465c609\" data-element_type=\"section\">\n\t\t\t\t\t\t<div class=\"elementor-container elementor-column-gap-wider\">\n\t\t\t\t\t<div class=\"elementor-column elementor-col-50 elementor-inner-column elementor-element elementor-element-fa456c4\" data-id=\"fa456c4\" data-element_type=\"column\">\n\t\t\t<div class=\"elementor-widget-wrap\">\n\t\t\t\t\t\t\t<\/div>\n\t\t<\/div>\n\t\t\t\t<div class=\"elementor-column elementor-col-50 elementor-inner-column elementor-element elementor-element-683c7ff\" data-id=\"683c7ff\" data-element_type=\"column\">\n\t\t\t<div class=\"elementor-widget-wrap elementor-element-populated\">\n\t\t\t\t\t\t<div class=\"elementor-element elementor-element-ed8491f elementor-widget elementor-widget-text-editor\" data-id=\"ed8491f\" data-element_type=\"widget\" data-widget_type=\"text-editor.default\">\n\t\t\t\t<div class=\"elementor-widget-container\">\n\t\t\t\t\t\t\t\t\t<p>Este servicio no solo permite que compartas un mensaje especial, sino que tambi\u00e9n fortalece tu conexi\u00f3n con tu audiencia de una manera agradable y directa.<\/p>\n<p>Comienza ya en el bot\u00f3n \u201cConfigurar Videosaludos\u201d y consulta tus solicitudes recibidas o bien las que realices en el men\u00fa:<\/p>\n<ul>\n<li>Solicitudes de Videosaludos recibidas<\/li>\n<li>Solicitudes de Videosaludos realizadas<\/li>\n<\/ul>\t\t\t\t\t\t\t\t<\/div>\n\t\t\t\t<\/div>\n\t\t\t\t\t<\/div>\n\t\t<\/div>\n\t\t\t\t\t<\/div>\n\t\t<\/section>\n\t\t\t\t\t<\/div>\n\t\t<\/div>\n\t\t\t\t\t<\/div>\n\t\t<\/section>\n\t\t\t\t<section class=\"elementor-section elementor-top-section elementor-element elementor-element-4f0aab0 elementor-section-boxed elementor-section-height-default elementor-section-height-default\" data-id=\"4f0aab0\" data-element_type=\"section\" data-settings=\"{&quot;background_background&quot;:&quot;gradient&quot;}\">\n\t\t\t\t\t\t<div class=\"elementor-container elementor-column-gap-default\">\n\t\t\t\t\t<div class=\"elementor-column elementor-col-50 elementor-top-column elementor-element elementor-element-2c25472\" data-id=\"2c25472\" data-element_type=\"column\">\n\t\t\t<div class=\"elementor-widget-wrap elementor-element-populated\">\n\t\t\t\t\t\t<div class=\"elementor-element elementor-element-708e0c2 elementor-widget elementor-widget-heading\" data-id=\"708e0c2\" data-element_type=\"widget\" data-widget_type=\"heading.default\">\n\t\t\t\t<div class=\"elementor-widget-container\">\n\t\t\t\t\t<h2 class=\"elementor-heading-title elementor-size-default\">Utiliza los videosaludos  de MyPublicInbox <\/h2>\t\t\t\t<\/div>\n\t\t\t\t<\/div>\n\t\t\t\t<div class=\"elementor-element elementor-element-4f4d0a2 elementor-widget elementor-widget-text-editor\" data-id=\"4f4d0a2\" data-element_type=\"widget\" data-widget_type=\"text-editor.default\">\n\t\t\t\t<div class=\"elementor-widget-container\">\n\t\t\t\t\t\t\t\t\t<p>Crea o solicita conexiones \u00fanicas con Videosaludos personalizados y valora cada mensaje con Tempos.<\/p>\t\t\t\t\t\t\t\t<\/div>\n\t\t\t\t<\/div>\n\t\t\t\t\t<\/div>\n\t\t<\/div>\n\t\t\t\t<div class=\"elementor-column elementor-col-50 elementor-top-column elementor-element elementor-element-47ac3af\" data-id=\"47ac3af\" data-element_type=\"column\">\n\t\t\t<div class=\"elementor-widget-wrap elementor-element-populated\">\n\t\t\t\t\t\t<div class=\"elementor-element elementor-element-0178921 elementor-align-right elementor-mobile-align-center elementor-widget elementor-widget-button\" data-id=\"0178921\" data-element_type=\"widget\" data-widget_type=\"button.default\">\n\t\t\t\t<div class=\"elementor-widget-container\">\n\t\t\t\t\t\t\t\t\t<div class=\"elementor-button-wrapper\">\n\t\t\t\t\t<a class=\"elementor-button elementor-button-link elementor-size-sm\" href=\"\/dashboard\">\n\t\t\t\t\t\t<span class=\"elementor-button-content-wrapper\">\n\t\t\t\t\t\t<span class=\"elementor-button-icon\">\n\t\t\t\t<i aria-hidden=\"true\" class=\"fas fa-angle-right\"><\/i>\t\t\t<\/span>\n\t\t\t\t\t\t\t\t\t<span class=\"elementor-button-text\">Reg\u00edstrate ahora<\/span>\n\t\t\t\t\t<\/span>\n\t\t\t\t\t<\/a>\n\t\t\t\t<\/div>\n\t\t\t\t\t\t\t\t<\/div>\n\t\t\t\t<\/div>\n\t\t\t\t\t<\/div>\n\t\t<\/div>\n\t\t\t\t\t<\/div>\n\t\t<\/section>\n\t\t\t\t<\/div>\n\t\t","protected":false},"excerpt":{"rendered":"<p>Videosaludos Env\u00eda videos personalizados a seguidores o clientes El servicio de Videosaludos permite solicitar o, si eres perfil p\u00fablico,\u00a0enviar videos personalizados a usuarios, seguidores o clientes, con diferentes valores en Tempos, para fines personales o comerciales. Solicita tu Videosaludo y, si eres perfil p\u00fablico, configura tus valores de Tempos, activa el servicio, y recibe solicitudes [&hellip;]<\/p>\n","protected":false},"author":1,"featured_media":2040,"parent":0,"menu_order":0,"comment_status":"closed","ping_status":"closed","template":"","meta":{"inline_featured_image":false,"footnotes":""},"class_list":["post-241","page","type-page","status-publish","has-post-thumbnail","hentry"],"_links":{"self":[{"href":"https:\/\/mpib.hostdev.eu\/es\/wp-json\/wp\/v2\/pages\/241","targetHints":{"allow":["GET"]}}],"collection":[{"href":"https:\/\/mpib.hostdev.eu\/es\/wp-json\/wp\/v2\/pages"}],"about":[{"href":"https:\/\/mpib.hostdev.eu\/es\/wp-json\/wp\/v2\/types\/page"}],"author":[{"embeddable":true,"href":"https:\/\/mpib.hostdev.eu\/es\/wp-json\/wp\/v2\/users\/1"}],"replies":[{"embeddable":true,"href":"https:\/\/mpib.hostdev.eu\/es\/wp-json\/wp\/v2\/comments?post=241"}],"version-history":[{"count":35,"href":"https:\/\/mpib.hostdev.eu\/es\/wp-json\/wp\/v2\/pages\/241\/revisions"}],"predecessor-version":[{"id":2285,"href":"https:\/\/mpib.hostdev.eu\/es\/wp-json\/wp\/v2\/pages\/241\/revisions\/2285"}],"wp:featuredmedia":[{"embeddable":true,"href":"https:\/\/mpib.hostdev.eu\/es\/wp-json\/wp\/v2\/media\/2040"}],"wp:attachment":[{"href":"https:\/\/mpib.hostdev.eu\/es\/wp-json\/wp\/v2\/media?parent=241"}],"curies":[{"name":"wp","href":"https:\/\/api.w.org\/{rel}","templated":true}]}}