{"id":2400,"date":"2025-03-17T14:40:26","date_gmt":"2025-03-17T14:40:26","guid":{"rendered":"https:\/\/mpib.hostdev.eu\/?page_id=2400"},"modified":"2025-03-17T14:47:58","modified_gmt":"2025-03-17T14:47:58","slug":"normas-uso","status":"publish","type":"page","link":"https:\/\/mpib.hostdev.eu\/es\/normas-uso\/","title":{"rendered":"Normas de uso"},"content":{"rendered":"\t\t<div data-elementor-type=\"wp-page\" data-elementor-id=\"2400\" class=\"elementor elementor-2400\" data-elementor-post-type=\"page\">\n\t\t\t\t\t\t<section class=\"elementor-section elementor-top-section elementor-element elementor-element-38c5932 elementor-section-boxed elementor-section-height-default elementor-section-height-default\" data-id=\"38c5932\" data-element_type=\"section\">\n\t\t\t\t\t\t<div class=\"elementor-container elementor-column-gap-default\">\n\t\t\t\t\t<div class=\"elementor-column elementor-col-100 elementor-top-column elementor-element elementor-element-9b1daad\" data-id=\"9b1daad\" data-element_type=\"column\">\n\t\t\t<div class=\"elementor-widget-wrap elementor-element-populated\">\n\t\t\t\t\t\t<div class=\"elementor-element elementor-element-131abb4 elementor-widget elementor-widget-heading\" data-id=\"131abb4\" data-element_type=\"widget\" data-widget_type=\"heading.default\">\n\t\t\t\t<div class=\"elementor-widget-container\">\n\t\t\t\t\t<h1 class=\"elementor-heading-title elementor-size-default\">Normas de uso<\/h1>\t\t\t\t<\/div>\n\t\t\t\t<\/div>\n\t\t\t\t\t<\/div>\n\t\t<\/div>\n\t\t\t\t\t<\/div>\n\t\t<\/section>\n\t\t\t\t<section class=\"elementor-section elementor-top-section elementor-element elementor-element-5624de5 elementor-section-boxed elementor-section-height-default elementor-section-height-default\" data-id=\"5624de5\" data-element_type=\"section\" data-settings=\"{&quot;background_background&quot;:&quot;classic&quot;}\">\n\t\t\t\t\t\t<div class=\"elementor-container elementor-column-gap-default\">\n\t\t\t\t\t<div class=\"elementor-column elementor-col-100 elementor-top-column elementor-element elementor-element-5eeae91\" data-id=\"5eeae91\" data-element_type=\"column\">\n\t\t\t<div class=\"elementor-widget-wrap elementor-element-populated\">\n\t\t\t\t\t\t<div class=\"elementor-element elementor-element-4cb2f80 elementor-widget elementor-widget-text-editor\" data-id=\"4cb2f80\" data-element_type=\"widget\" data-widget_type=\"text-editor.default\">\n\t\t\t\t<div class=\"elementor-widget-container\">\n\t\t\t\t\t\t\t\t\t<p>Este Sitio Web es una plataforma a trav\u00e9s de la cual MyPublicInbox, S.L. ofrece un servicio que consiste en poner en contacto a perfiles p\u00fablicos relevantes en diferentes \u00e1reas (Perfiles P\u00fablicos) con aquellas personas interesadas en comunicarse con dichos Perfiles P\u00fablicos de forma respetuosa (CONTACTADORES).<\/p><p>Cualquier uso que se haga de la plataforma ajeno al mencionado previamente, queda rechazado por MyPublicInbox, S.L. y puede constituir motivo de cancelaci\u00f3n autom\u00e1tica de la Cuenta que haya incurrido en el uso indebido, sin perjuicio de las posibles consecuencias legales que dicha actividad pueda conllevar en caso de tratarse de una actividad delictiva.<\/p><p>En MyPublicInbox se detallan los servicios ofrecidos por MyPublicInbox, S.L. Su uso implica la aceptaci\u00f3n de las siguientes condiciones y normas de uso, declinando realizar cualquier reclamaci\u00f3n sobre las mismas:<\/p><ol><li>El uso de esta web est\u00e1 dirigido a personas mayores de edad.<\/li><li>MyPublicInbox, S.L. podr\u00e1 modificar el contenido de la web MyPublicInbox, sus servicios, tarifas, garant\u00edas, etc., en cualquier momento y sin previo aviso.<\/li><li>MyPublicInbox puede poner a disposici\u00f3n del usuario enlaces u otros elementos que permiten el acceso hacia otros sitios web pertenecientes a terceros. No comercializamos los servicios y servicios de dichas p\u00e1ginas enlazadas, ni asumimos ning\u00fan tipo de responsabilidad sobre las mismas, ni sobre la informaci\u00f3n contenida en ellas, ni su veracidad o licitud, ni de cualesquiera efectos que pudieran derivarse. En todo caso, MyPublicInbox manifiesta que proceder\u00e1 a la retirada inmediata de cualquier contenido que pudiera contravenir la legislaci\u00f3n nacional o internacional, la moral o el orden p\u00fablico, procediendo a la retirada inmediata de la redirecci\u00f3n a dicho sitio web, poniendo en conocimiento de las autoridades competentes el contenido en cuesti\u00f3n.<\/li><li>Los precios indicados en la web, de haberlos, ser\u00e1n v\u00e1lidos salvo error tipogr\u00e1fico, y susceptibles de cambios sin previo aviso.<\/li><li>Para el uso de la plataforma y el acceso a los Perfiles P\u00fablicos completos es necesario el registro mediante la creaci\u00f3n de una Cuenta de Usuario.<\/li><li>Los datos facilitados durante el proceso de registro han de ser veraces. El incumplimiento de esta norma puede conllevar la cancelaci\u00f3n inmediata de la Cuenta que contenga informaci\u00f3n falsa.<\/li><li>La comunicaci\u00f3n con cualquier Perfil P\u00fablico ha de ser respetuosa. Cualquier falta de respeto, incluyendo pero sin limitarse a amenazas, coacciones o proposiciones inapropiadas, contenidos desagradables e insultos se considerar\u00e1n motivo de cancelaci\u00f3n de la cuenta sin derecho alguno a recuperar el saldo de dicha cuenta y sin posibilidad de crear una nueva cuenta de usuario.<\/li><li>MyPublicInbox no puede garantizar el funcionamiento ininterrumpido o totalmente libre de errores de esta web. Por tanto, no nos hacemos responsables de ning\u00fan da\u00f1o causado por el uso de este servicio.<\/li><li>MyPublicInbox ofrece sus servicios de manera indefinida, pudiendo, no obstante, suspender la prestaci\u00f3n de los mismos, unilateralmente y sin previo aviso.<\/li><li>MyPublicInbox, S.L. no se har\u00e1 responsable de los da\u00f1os y perjuicios, propios o a terceros, producidos por un mal uso de esta web por parte del cliente.<\/li><li>El usuario se compromete a no utilizar esta web ni los servicios ofrecidos en ella para la realizaci\u00f3n de actividades contrarias a la ley, al orden p\u00fablico o a estas condiciones.<\/li><li>MyPublicInbox no se hace responsable de la informaci\u00f3n y contenidos almacenados en los mensajes intercambiados entre los usuarios ni en las Cuentas de los Perfiles P\u00fablicos. No obstante y en cumplimiento de lo dispuesto en el art. 11 y 16 de la LSSI-CE, MyPublicInbox, S.L. se pone a disposici\u00f3n de todos los usuarios, autoridades y fuerzas de seguridad, y colaborando de forma activa en la retirada o en su caso bloqueo de todos aquellos contenidos que pudieran afectar o contravenir la legislaci\u00f3n nacional, o internacional, derechos de terceros o la moral y el orden p\u00fablico. En caso de que el usuario considere que existe en el sitio web alg\u00fan contenido que pudiera ser susceptible de esta clasificaci\u00f3n, se ruega lo notifique de forma inmediata al administrador del sitio web a trav\u00e9s de formulario de Contacto habilitado en el mismo.<\/li><li>Este sitio web ha sido revisado y probado para que funcione correctamente. En principio, puede garantizarse el correcto funcionamiento los 365 d\u00edas del a\u00f1o, 24 horas al d\u00eda. No obstante, MyPublicInbox no descarta la posibilidad de que existan ciertos errores de programaci\u00f3n, o que acontezcan causas de fuerza mayor, cat\u00e1strofes naturales, huelgas, o circunstancias semejantes que hagan imposible el acceso a la p\u00e1gina web.<\/li><li>Las opiniones vertidas en los mensajes y\/o los Perfiles P\u00fablicos no reflejan necesariamente los puntos de vista de MyPublicInbox, S.L. El contenido de los servicios publicados en este Sitio Web no puede ser considerado, en ning\u00fan caso, sustitutivo de asesoramiento legal. El usuario no debe actuar sobre la base de la informaci\u00f3n contenida en este Sitio Web sin recurrir previamente al correspondiente asesoramiento profesional.<\/li><\/ol><p>En definitiva, el usuario es el \u00fanico responsable del uso que realice de los servicios, contenidos y enlaces incluidos esta web.<\/p>\t\t\t\t\t\t\t\t<\/div>\n\t\t\t\t<\/div>\n\t\t\t\t\t<\/div>\n\t\t<\/div>\n\t\t\t\t\t<\/div>\n\t\t<\/section>\n\t\t\t\t<\/div>\n\t\t","protected":false},"excerpt":{"rendered":"<p>Normas de uso Este Sitio Web es una plataforma a trav\u00e9s de la cual MyPublicInbox, S.L. ofrece un servicio que consiste en poner en contacto a perfiles p\u00fablicos relevantes en diferentes \u00e1reas (Perfiles P\u00fablicos) con aquellas personas interesadas en comunicarse con dichos Perfiles P\u00fablicos de forma respetuosa (CONTACTADORES). Cualquier uso que se haga de la [&hellip;]<\/p>\n","protected":false},"author":1,"featured_media":0,"parent":0,"menu_order":0,"comment_status":"closed","ping_status":"closed","template":"","meta":{"inline_featured_image":false,"footnotes":""},"class_list":["post-2400","page","type-page","status-publish","hentry"],"_links":{"self":[{"href":"https:\/\/mpib.hostdev.eu\/es\/wp-json\/wp\/v2\/pages\/2400","targetHints":{"allow":["GET"]}}],"collection":[{"href":"https:\/\/mpib.hostdev.eu\/es\/wp-json\/wp\/v2\/pages"}],"about":[{"href":"https:\/\/mpib.hostdev.eu\/es\/wp-json\/wp\/v2\/types\/page"}],"author":[{"embeddable":true,"href":"https:\/\/mpib.hostdev.eu\/es\/wp-json\/wp\/v2\/users\/1"}],"replies":[{"embeddable":true,"href":"https:\/\/mpib.hostdev.eu\/es\/wp-json\/wp\/v2\/comments?post=2400"}],"version-history":[{"count":7,"href":"https:\/\/mpib.hostdev.eu\/es\/wp-json\/wp\/v2\/pages\/2400\/revisions"}],"predecessor-version":[{"id":2409,"href":"https:\/\/mpib.hostdev.eu\/es\/wp-json\/wp\/v2\/pages\/2400\/revisions\/2409"}],"wp:attachment":[{"href":"https:\/\/mpib.hostdev.eu\/es\/wp-json\/wp\/v2\/media?parent=2400"}],"curies":[{"name":"wp","href":"https:\/\/api.w.org\/{rel}","templated":true}]}}