{"id":237,"date":"2024-11-26T08:33:00","date_gmt":"2024-11-26T08:33:00","guid":{"rendered":"https:\/\/mpib.hostdev.eu\/?page_id=237"},"modified":"2025-03-10T15:06:27","modified_gmt":"2025-03-10T15:06:27","slug":"agradecimientos","status":"publish","type":"page","link":"https:\/\/mpib.hostdev.eu\/es\/agradecimientos\/","title":{"rendered":"Agradecimientos"},"content":{"rendered":"\t\t<div data-elementor-type=\"wp-page\" data-elementor-id=\"237\" class=\"elementor elementor-237\" data-elementor-post-type=\"page\">\n\t\t\t\t\t\t<section class=\"elementor-section elementor-top-section elementor-element elementor-element-95f5384 elementor-section-boxed elementor-section-height-default elementor-section-height-default\" data-id=\"95f5384\" data-element_type=\"section\">\n\t\t\t\t\t\t<div class=\"elementor-container elementor-column-gap-default\">\n\t\t\t\t\t<div class=\"elementor-column elementor-col-100 elementor-top-column elementor-element elementor-element-7e3a437\" data-id=\"7e3a437\" data-element_type=\"column\">\n\t\t\t<div class=\"elementor-widget-wrap\">\n\t\t\t\t\t\t\t<\/div>\n\t\t<\/div>\n\t\t\t\t\t<\/div>\n\t\t<\/section>\n\t\t\t\t<section class=\"elementor-section elementor-top-section elementor-element elementor-element-3349d15 elementor-section-boxed elementor-section-height-default elementor-section-height-default\" data-id=\"3349d15\" data-element_type=\"section\">\n\t\t\t\t\t\t<div class=\"elementor-container elementor-column-gap-default\">\n\t\t\t\t\t<div class=\"elementor-column elementor-col-50 elementor-top-column elementor-element elementor-element-10e4236\" data-id=\"10e4236\" data-element_type=\"column\">\n\t\t\t<div class=\"elementor-widget-wrap elementor-element-populated\">\n\t\t\t\t\t\t<div class=\"elementor-element elementor-element-7469aea elementor-widget elementor-widget-heading\" data-id=\"7469aea\" data-element_type=\"widget\" data-widget_type=\"heading.default\">\n\t\t\t\t<div class=\"elementor-widget-container\">\n\t\t\t\t\t<h1 class=\"elementor-heading-title elementor-size-default\">Agradecimientos<\/h1>\t\t\t\t<\/div>\n\t\t\t\t<\/div>\n\t\t\t\t<div class=\"elementor-element elementor-element-1c8138f elementor-widget elementor-widget-heading\" data-id=\"1c8138f\" data-element_type=\"widget\" data-widget_type=\"heading.default\">\n\t\t\t\t<div class=\"elementor-widget-container\">\n\t\t\t\t\t<h2 class=\"elementor-heading-title elementor-size-default\">Recibe y comparte agradecimientos para reconocer tu valor<\/h2>\t\t\t\t<\/div>\n\t\t\t\t<\/div>\n\t\t\t\t<div class=\"elementor-element elementor-element-7cca042 elementor-widget elementor-widget-text-editor\" data-id=\"7cca042\" data-element_type=\"widget\" data-widget_type=\"text-editor.default\">\n\t\t\t\t<div class=\"elementor-widget-container\">\n\t\t\t\t\t\t\t\t\t<p>Los agradecimientos son una forma de reconocer y ser reconocido en la comunidad. Con nuestro servicio, puedes recibir mensajes y Tempos de otros usuarios. Adem\u00e1s, puedes ver tu historial de agradecimientos y hacerlos visibles en tu perfil sin revelar el importe. Activa el servicio y comparte tu agradecimiento.<\/p>\t\t\t\t\t\t\t\t<\/div>\n\t\t\t\t<\/div>\n\t\t\t\t<div class=\"elementor-element elementor-element-260fbf6 elementor-widget elementor-widget-button\" data-id=\"260fbf6\" data-element_type=\"widget\" data-widget_type=\"button.default\">\n\t\t\t\t<div class=\"elementor-widget-container\">\n\t\t\t\t\t\t\t\t\t<div class=\"elementor-button-wrapper\">\n\t\t\t\t\t<a class=\"elementor-button elementor-button-link elementor-size-sm\" href=\"\/dashboard\">\n\t\t\t\t\t\t<span class=\"elementor-button-content-wrapper\">\n\t\t\t\t\t\t\t\t\t<span class=\"elementor-button-text\">Quiero empezar a usar los agradecimientos<\/span>\n\t\t\t\t\t<\/span>\n\t\t\t\t\t<\/a>\n\t\t\t\t<\/div>\n\t\t\t\t\t\t\t\t<\/div>\n\t\t\t\t<\/div>\n\t\t\t\t\t<\/div>\n\t\t<\/div>\n\t\t\t\t<div class=\"elementor-column elementor-col-50 elementor-top-column elementor-element elementor-element-bfa915b\" data-id=\"bfa915b\" data-element_type=\"column\">\n\t\t\t<div class=\"elementor-widget-wrap elementor-element-populated\">\n\t\t\t\t\t\t<div class=\"elementor-element elementor-element-0ad5ef9 elementor-widget elementor-widget-image\" data-id=\"0ad5ef9\" data-element_type=\"widget\" data-widget_type=\"image.default\">\n\t\t\t\t<div class=\"elementor-widget-container\">\n\t\t\t\t\t\t\t\t\t\t\t\t\t\t\t<img fetchpriority=\"high\" decoding=\"async\" width=\"455\" height=\"508\" src=\"\/wp-content\/uploads\/2024\/11\/intro-agradecimientos.webp\" class=\"attachment-full size-full wp-image-355\" alt=\"Agradecimientos\" srcset=\"\/wp-content\/uploads\/2024\/11\/intro-agradecimientos.webp 455w, \/wp-content\/uploads\/2024\/11\/intro-agradecimientos-269x300.webp 269w\" sizes=\"(max-width: 455px) 100vw, 455px\" \/>\t\t\t\t\t\t\t\t\t\t\t\t\t\t\t<\/div>\n\t\t\t\t<\/div>\n\t\t\t\t\t<\/div>\n\t\t<\/div>\n\t\t\t\t\t<\/div>\n\t\t<\/section>\n\t\t\t\t<section class=\"elementor-section elementor-top-section elementor-element elementor-element-fd5e389 elementor-section-boxed elementor-section-height-default elementor-section-height-default\" data-id=\"fd5e389\" data-element_type=\"section\" data-settings=\"{&quot;background_background&quot;:&quot;classic&quot;}\">\n\t\t\t\t\t\t<div class=\"elementor-container elementor-column-gap-default\">\n\t\t\t\t\t<div class=\"elementor-column elementor-col-100 elementor-top-column elementor-element elementor-element-0f50f03\" data-id=\"0f50f03\" data-element_type=\"column\">\n\t\t\t<div class=\"elementor-widget-wrap elementor-element-populated\">\n\t\t\t\t\t\t<section class=\"elementor-section elementor-inner-section elementor-element elementor-element-1785bfc elementor-section-boxed elementor-section-height-default elementor-section-height-default\" data-id=\"1785bfc\" data-element_type=\"section\">\n\t\t\t\t\t\t<div class=\"elementor-container elementor-column-gap-wider\">\n\t\t\t\t\t<div class=\"elementor-column elementor-col-50 elementor-inner-column elementor-element elementor-element-285ed86\" data-id=\"285ed86\" data-element_type=\"column\">\n\t\t\t<div class=\"elementor-widget-wrap elementor-element-populated\">\n\t\t\t\t\t\t<div class=\"elementor-element elementor-element-e1b9e5b elementor-widget elementor-widget-heading\" data-id=\"e1b9e5b\" data-element_type=\"widget\" data-widget_type=\"heading.default\">\n\t\t\t\t<div class=\"elementor-widget-container\">\n\t\t\t\t\t<h2 class=\"elementor-heading-title elementor-size-default\">Agradecimientos para valorar y ser valorado<\/h2>\t\t\t\t<\/div>\n\t\t\t\t<\/div>\n\t\t\t\t<div class=\"elementor-element elementor-element-d974262 elementor-widget elementor-widget-text-editor\" data-id=\"d974262\" data-element_type=\"widget\" data-widget_type=\"text-editor.default\">\n\t\t\t\t<div class=\"elementor-widget-container\">\n\t\t\t\t\t\t\t\t\t<p>En MyPublicInbox, los agradecimientos son m\u00e1s que puro gesto; son una forma de reconocer y ser reconocido por tu valor en la comunidad. Con nuestro servicio, puedes recibir Tempos acompa\u00f1ados de mensajes sinceros de otros usuarios o usuarias. Adem\u00e1s puedes consultar tu hist\u00f3rico de entradas y salidas en los desplegables de \u201cagradecimientos recibidos\u201d y \u201cagradecimientos enviados\u201d para mantener un registro.<\/p>\n<p>Activa el servicio y ver\u00e1s c\u00f3mo los agradecimientos enriquecen tu experiencia. Puedes hacerlos visibles en tu perfil p\u00fablico sin que se revele la cantidad de Tempos recibida.&nbsp;&nbsp;Tambi\u00e9n puedes insertar un c\u00f3digo HTML en tu web, que te facilitamos,&nbsp; y deja que las muestras de aprecio lleguen a ti.<\/p>\n<p>Si est\u00e1s listo para recibir y compartir agradecimientos , activa ya el \u201cservicio de agradecimientos\u201d<\/p>\t\t\t\t\t\t\t\t<\/div>\n\t\t\t\t<\/div>\n\t\t\t\t\t<\/div>\n\t\t<\/div>\n\t\t\t\t<div class=\"elementor-column elementor-col-50 elementor-inner-column elementor-element elementor-element-757e8a9\" data-id=\"757e8a9\" data-element_type=\"column\">\n\t\t\t<div class=\"elementor-widget-wrap elementor-element-populated\">\n\t\t\t\t\t\t<div class=\"elementor-element elementor-element-2859e90 elementor-widget elementor-widget-image\" data-id=\"2859e90\" data-element_type=\"widget\" data-widget_type=\"image.default\">\n\t\t\t\t<div class=\"elementor-widget-container\">\n\t\t\t\t\t\t\t\t\t\t\t\t\t\t\t<img decoding=\"async\" width=\"526\" height=\"422\" src=\"\/wp-content\/uploads\/2024\/11\/agradecimientos-01.webp\" class=\"attachment-full size-full wp-image-430\" alt=\"Agradecimientos\" srcset=\"\/wp-content\/uploads\/2024\/11\/agradecimientos-01.webp 526w, \/wp-content\/uploads\/2024\/11\/agradecimientos-01-300x241.webp 300w\" sizes=\"(max-width: 526px) 100vw, 526px\" \/>\t\t\t\t\t\t\t\t\t\t\t\t\t\t\t<\/div>\n\t\t\t\t<\/div>\n\t\t\t\t\t<\/div>\n\t\t<\/div>\n\t\t\t\t\t<\/div>\n\t\t<\/section>\n\t\t\t\t\t<\/div>\n\t\t<\/div>\n\t\t\t\t\t<\/div>\n\t\t<\/section>\n\t\t\t\t<section class=\"elementor-section elementor-top-section elementor-element elementor-element-6ff85b4 elementor-section-boxed elementor-section-height-default elementor-section-height-default\" data-id=\"6ff85b4\" data-element_type=\"section\" data-settings=\"{&quot;background_background&quot;:&quot;gradient&quot;}\">\n\t\t\t\t\t\t<div class=\"elementor-container elementor-column-gap-default\">\n\t\t\t\t\t<div class=\"elementor-column elementor-col-50 elementor-top-column elementor-element elementor-element-51c87a6\" data-id=\"51c87a6\" data-element_type=\"column\">\n\t\t\t<div class=\"elementor-widget-wrap elementor-element-populated\">\n\t\t\t\t\t\t<div class=\"elementor-element elementor-element-a0776b3 elementor-widget elementor-widget-heading\" data-id=\"a0776b3\" data-element_type=\"widget\" data-widget_type=\"heading.default\">\n\t\t\t\t<div class=\"elementor-widget-container\">\n\t\t\t\t\t<h2 class=\"elementor-heading-title elementor-size-default\">Utiliza MyPublicInbox para compartir agradecimientos<\/h2>\t\t\t\t<\/div>\n\t\t\t\t<\/div>\n\t\t\t\t<div class=\"elementor-element elementor-element-843e6ae elementor-widget elementor-widget-text-editor\" data-id=\"843e6ae\" data-element_type=\"widget\" data-widget_type=\"text-editor.default\">\n\t\t\t\t<div class=\"elementor-widget-container\">\n\t\t\t\t\t\t\t\t\t<p>Recibe y muestra agradecimientos a los perfiles de la comunidad de MyPublicInbox, reconocidos con Tempos.<\/p>\t\t\t\t\t\t\t\t<\/div>\n\t\t\t\t<\/div>\n\t\t\t\t\t<\/div>\n\t\t<\/div>\n\t\t\t\t<div class=\"elementor-column elementor-col-50 elementor-top-column elementor-element elementor-element-0edfbc5\" data-id=\"0edfbc5\" data-element_type=\"column\">\n\t\t\t<div class=\"elementor-widget-wrap elementor-element-populated\">\n\t\t\t\t\t\t<div class=\"elementor-element elementor-element-61ca3bd elementor-align-right elementor-mobile-align-center elementor-widget elementor-widget-button\" data-id=\"61ca3bd\" data-element_type=\"widget\" data-widget_type=\"button.default\">\n\t\t\t\t<div class=\"elementor-widget-container\">\n\t\t\t\t\t\t\t\t\t<div class=\"elementor-button-wrapper\">\n\t\t\t\t\t<a class=\"elementor-button elementor-button-link elementor-size-sm\" href=\"\/dashboard\">\n\t\t\t\t\t\t<span class=\"elementor-button-content-wrapper\">\n\t\t\t\t\t\t<span class=\"elementor-button-icon\">\n\t\t\t\t<i aria-hidden=\"true\" class=\"fas fa-angle-right\"><\/i>\t\t\t<\/span>\n\t\t\t\t\t\t\t\t\t<span class=\"elementor-button-text\">Reg\u00edstrate ahora<\/span>\n\t\t\t\t\t<\/span>\n\t\t\t\t\t<\/a>\n\t\t\t\t<\/div>\n\t\t\t\t\t\t\t\t<\/div>\n\t\t\t\t<\/div>\n\t\t\t\t\t<\/div>\n\t\t<\/div>\n\t\t\t\t\t<\/div>\n\t\t<\/section>\n\t\t\t\t<\/div>\n\t\t","protected":false},"excerpt":{"rendered":"<p>Agradecimientos Recibe y comparte agradecimientos para reconocer tu valor Los agradecimientos son una forma de reconocer y ser reconocido en la comunidad. Con nuestro servicio, puedes recibir mensajes y Tempos de otros usuarios. Adem\u00e1s, puedes ver tu historial de agradecimientos y hacerlos visibles en tu perfil sin revelar el importe. Activa el servicio y comparte [&hellip;]<\/p>\n","protected":false},"author":1,"featured_media":2014,"parent":0,"menu_order":0,"comment_status":"closed","ping_status":"closed","template":"","meta":{"inline_featured_image":false,"footnotes":""},"class_list":["post-237","page","type-page","status-publish","has-post-thumbnail","hentry"],"_links":{"self":[{"href":"https:\/\/mpib.hostdev.eu\/es\/wp-json\/wp\/v2\/pages\/237","targetHints":{"allow":["GET"]}}],"collection":[{"href":"https:\/\/mpib.hostdev.eu\/es\/wp-json\/wp\/v2\/pages"}],"about":[{"href":"https:\/\/mpib.hostdev.eu\/es\/wp-json\/wp\/v2\/types\/page"}],"author":[{"embeddable":true,"href":"https:\/\/mpib.hostdev.eu\/es\/wp-json\/wp\/v2\/users\/1"}],"replies":[{"embeddable":true,"href":"https:\/\/mpib.hostdev.eu\/es\/wp-json\/wp\/v2\/comments?post=237"}],"version-history":[{"count":35,"href":"https:\/\/mpib.hostdev.eu\/es\/wp-json\/wp\/v2\/pages\/237\/revisions"}],"predecessor-version":[{"id":2150,"href":"https:\/\/mpib.hostdev.eu\/es\/wp-json\/wp\/v2\/pages\/237\/revisions\/2150"}],"wp:featuredmedia":[{"embeddable":true,"href":"https:\/\/mpib.hostdev.eu\/es\/wp-json\/wp\/v2\/media\/2014"}],"wp:attachment":[{"href":"https:\/\/mpib.hostdev.eu\/es\/wp-json\/wp\/v2\/media?parent=237"}],"curies":[{"name":"wp","href":"https:\/\/api.w.org\/{rel}","templated":true}]}}