{"id":232,"date":"2024-11-26T08:31:50","date_gmt":"2024-11-26T08:31:50","guid":{"rendered":"https:\/\/mpib.hostdev.eu\/?page_id=232"},"modified":"2025-03-16T20:21:26","modified_gmt":"2025-03-16T20:21:26","slug":"mi-impacto-en-amazon","status":"publish","type":"page","link":"https:\/\/mpib.hostdev.eu\/es\/mi-impacto-en-amazon\/","title":{"rendered":"Mi impacto en Amazon"},"content":{"rendered":"\t\t<div data-elementor-type=\"wp-page\" data-elementor-id=\"232\" class=\"elementor elementor-232\" data-elementor-post-type=\"page\">\n\t\t\t\t\t\t<section class=\"elementor-section elementor-top-section elementor-element elementor-element-f325c0c elementor-section-boxed elementor-section-height-default elementor-section-height-default\" data-id=\"f325c0c\" data-element_type=\"section\">\n\t\t\t\t\t\t<div class=\"elementor-container elementor-column-gap-default\">\n\t\t\t\t\t<div class=\"elementor-column elementor-col-100 elementor-top-column elementor-element elementor-element-2e829a8\" data-id=\"2e829a8\" data-element_type=\"column\">\n\t\t\t<div class=\"elementor-widget-wrap\">\n\t\t\t\t\t\t\t<\/div>\n\t\t<\/div>\n\t\t\t\t\t<\/div>\n\t\t<\/section>\n\t\t\t\t<section class=\"elementor-section elementor-top-section elementor-element elementor-element-5604492 elementor-section-boxed elementor-section-height-default elementor-section-height-default\" data-id=\"5604492\" data-element_type=\"section\">\n\t\t\t\t\t\t<div class=\"elementor-container elementor-column-gap-default\">\n\t\t\t\t\t<div class=\"elementor-column elementor-col-50 elementor-top-column elementor-element elementor-element-46d7a50\" data-id=\"46d7a50\" data-element_type=\"column\">\n\t\t\t<div class=\"elementor-widget-wrap elementor-element-populated\">\n\t\t\t\t\t\t<div class=\"elementor-element elementor-element-8b34d73 elementor-widget elementor-widget-heading\" data-id=\"8b34d73\" data-element_type=\"widget\" data-widget_type=\"heading.default\">\n\t\t\t\t<div class=\"elementor-widget-container\">\n\t\t\t\t\t<h1 class=\"elementor-heading-title elementor-size-default\">Mi impacto en Amazon<\/h1>\t\t\t\t<\/div>\n\t\t\t\t<\/div>\n\t\t\t\t<div class=\"elementor-element elementor-element-4d34550 elementor-widget elementor-widget-heading\" data-id=\"4d34550\" data-element_type=\"widget\" data-widget_type=\"heading.default\">\n\t\t\t\t<div class=\"elementor-widget-container\">\n\t\t\t\t\t<h2 class=\"elementor-heading-title elementor-size-default\">Aumenta f\u00e1cilmente la visibilidad de tus productos en Amazon <\/h2>\t\t\t\t<\/div>\n\t\t\t\t<\/div>\n\t\t\t\t<div class=\"elementor-element elementor-element-ec88105 elementor-widget elementor-widget-text-editor\" data-id=\"ec88105\" data-element_type=\"widget\" data-widget_type=\"text-editor.default\">\n\t\t\t\t<div class=\"elementor-widget-container\">\n\t\t\t\t\t\t\t\t\t<p>Aumenta la <strong>visibilidad de tus productos en Amazon<\/strong> mediante tu perfil p\u00fablico. Nos encargamos de optimizar su presencia y alcance para llegar a m\u00e1s personas. \u00a1A\u00f1ade tus productos y promoci\u00f3nalos!<\/p>\t\t\t\t\t\t\t\t<\/div>\n\t\t\t\t<\/div>\n\t\t\t\t<div class=\"elementor-element elementor-element-01cb4b4 elementor-widget elementor-widget-button\" data-id=\"01cb4b4\" data-element_type=\"widget\" data-widget_type=\"button.default\">\n\t\t\t\t<div class=\"elementor-widget-container\">\n\t\t\t\t\t\t\t\t\t<div class=\"elementor-button-wrapper\">\n\t\t\t\t\t<a class=\"elementor-button elementor-button-link elementor-size-sm\" href=\"\/dashboard\">\n\t\t\t\t\t\t<span class=\"elementor-button-content-wrapper\">\n\t\t\t\t\t\t\t\t\t<span class=\"elementor-button-text\">Quiero mejorar mi impacto en Amazon<\/span>\n\t\t\t\t\t<\/span>\n\t\t\t\t\t<\/a>\n\t\t\t\t<\/div>\n\t\t\t\t\t\t\t\t<\/div>\n\t\t\t\t<\/div>\n\t\t\t\t\t<\/div>\n\t\t<\/div>\n\t\t\t\t<div class=\"elementor-column elementor-col-50 elementor-top-column elementor-element elementor-element-c0b0465\" data-id=\"c0b0465\" data-element_type=\"column\">\n\t\t\t<div class=\"elementor-widget-wrap elementor-element-populated\">\n\t\t\t\t\t\t<div class=\"elementor-element elementor-element-329835e elementor-widget elementor-widget-image\" data-id=\"329835e\" data-element_type=\"widget\" data-widget_type=\"image.default\">\n\t\t\t\t<div class=\"elementor-widget-container\">\n\t\t\t\t\t\t\t\t\t\t\t\t\t\t\t<img fetchpriority=\"high\" decoding=\"async\" width=\"561\" height=\"471\" src=\"\/wp-content\/uploads\/2025\/03\/intro-amazon.png\" class=\"attachment-full size-full wp-image-2286\" alt=\"Mi impacto en Amazon\" srcset=\"\/wp-content\/uploads\/2025\/03\/intro-amazon.png 561w, \/wp-content\/uploads\/2025\/03\/intro-amazon-300x252.png 300w\" sizes=\"(max-width: 561px) 100vw, 561px\" \/>\t\t\t\t\t\t\t\t\t\t\t\t\t\t\t<\/div>\n\t\t\t\t<\/div>\n\t\t\t\t\t<\/div>\n\t\t<\/div>\n\t\t\t\t\t<\/div>\n\t\t<\/section>\n\t\t\t\t<section class=\"elementor-section elementor-top-section elementor-element elementor-element-a433bec elementor-section-boxed elementor-section-height-default elementor-section-height-default\" data-id=\"a433bec\" data-element_type=\"section\" data-settings=\"{&quot;background_background&quot;:&quot;classic&quot;}\">\n\t\t\t\t\t\t<div class=\"elementor-container elementor-column-gap-default\">\n\t\t\t\t\t<div class=\"elementor-column elementor-col-100 elementor-top-column elementor-element elementor-element-49abeb8\" data-id=\"49abeb8\" data-element_type=\"column\">\n\t\t\t<div class=\"elementor-widget-wrap elementor-element-populated\">\n\t\t\t\t\t\t<section class=\"elementor-section elementor-inner-section elementor-element elementor-element-a60d369 elementor-section-boxed elementor-section-height-default elementor-section-height-default\" data-id=\"a60d369\" data-element_type=\"section\">\n\t\t\t\t\t\t<div class=\"elementor-container elementor-column-gap-wider\">\n\t\t\t\t\t<div class=\"elementor-column elementor-col-50 elementor-inner-column elementor-element elementor-element-5991c36\" data-id=\"5991c36\" data-element_type=\"column\">\n\t\t\t<div class=\"elementor-widget-wrap elementor-element-populated\">\n\t\t\t\t\t\t<div class=\"elementor-element elementor-element-f61fc61 elementor-widget elementor-widget-heading\" data-id=\"f61fc61\" data-element_type=\"widget\" data-widget_type=\"heading.default\">\n\t\t\t\t<div class=\"elementor-widget-container\">\n\t\t\t\t\t<h2 class=\"elementor-heading-title elementor-size-default\">Dale visibilidad a tus productos en Amazon a trav\u00e9s de tu perfil p\u00fablico<\/h2>\t\t\t\t<\/div>\n\t\t\t\t<\/div>\n\t\t\t\t<div class=\"elementor-element elementor-element-ef30ae8 elementor-widget elementor-widget-text-editor\" data-id=\"ef30ae8\" data-element_type=\"widget\" data-widget_type=\"text-editor.default\">\n\t\t\t\t<div class=\"elementor-widget-container\">\n\t\t\t\t\t\t\t\t\t<p>Cada producto tiene su particularidad y una historia, y en MyPublicInbox, te ayudamos a que esa historia llegue m\u00e1s lejos. S\u00f3lo necesitas rellenar los campos \u201cURL de tu producto en Amazon\u201d, a\u00f1adir su nombre y, posteriormente, hacer click en \u201cA\u00f1adir producto\u201d. Un proceso muy f\u00e1cil. Nosotros nos encargamos de que aparezcan en tu perfil para as\u00ed potenciar su visibilidad y alcance.<\/p>\n<p>\u00bfEst\u00e1s listo para llevar tus productos a m\u00e1s ojos?: A\u00f1ade productos.<\/p>\t\t\t\t\t\t\t\t<\/div>\n\t\t\t\t<\/div>\n\t\t\t\t\t<\/div>\n\t\t<\/div>\n\t\t\t\t<div class=\"elementor-column elementor-col-50 elementor-inner-column elementor-element elementor-element-34fc8e5\" data-id=\"34fc8e5\" data-element_type=\"column\">\n\t\t\t<div class=\"elementor-widget-wrap elementor-element-populated\">\n\t\t\t\t\t\t<div class=\"elementor-element elementor-element-ae69c6e elementor-widget elementor-widget-image\" data-id=\"ae69c6e\" data-element_type=\"widget\" data-widget_type=\"image.default\">\n\t\t\t\t<div class=\"elementor-widget-container\">\n\t\t\t\t\t\t\t\t\t\t\t\t\t\t\t<img decoding=\"async\" width=\"546\" height=\"348\" src=\"\/wp-content\/uploads\/2024\/11\/amazon-01.webp\" class=\"attachment-full size-full wp-image-497\" alt=\"Mi impacto en Amazon\" srcset=\"\/wp-content\/uploads\/2024\/11\/amazon-01.webp 546w, \/wp-content\/uploads\/2024\/11\/amazon-01-300x191.webp 300w\" sizes=\"(max-width: 546px) 100vw, 546px\" \/>\t\t\t\t\t\t\t\t\t\t\t\t\t\t\t<\/div>\n\t\t\t\t<\/div>\n\t\t\t\t\t<\/div>\n\t\t<\/div>\n\t\t\t\t\t<\/div>\n\t\t<\/section>\n\t\t\t\t\t<\/div>\n\t\t<\/div>\n\t\t\t\t\t<\/div>\n\t\t<\/section>\n\t\t\t\t<section class=\"elementor-section elementor-top-section elementor-element elementor-element-c20894e elementor-section-boxed elementor-section-height-default elementor-section-height-default\" data-id=\"c20894e\" data-element_type=\"section\" data-settings=\"{&quot;background_background&quot;:&quot;gradient&quot;}\">\n\t\t\t\t\t\t<div class=\"elementor-container elementor-column-gap-default\">\n\t\t\t\t\t<div class=\"elementor-column elementor-col-50 elementor-top-column elementor-element elementor-element-ca6339d\" data-id=\"ca6339d\" data-element_type=\"column\">\n\t\t\t<div class=\"elementor-widget-wrap elementor-element-populated\">\n\t\t\t\t\t\t<div class=\"elementor-element elementor-element-3a48bc6 elementor-widget elementor-widget-heading\" data-id=\"3a48bc6\" data-element_type=\"widget\" data-widget_type=\"heading.default\">\n\t\t\t\t<div class=\"elementor-widget-container\">\n\t\t\t\t\t<h2 class=\"elementor-heading-title elementor-size-default\">Vende m\u00e1s en Amazon con la ayuda de MyPublicInbox<\/h2>\t\t\t\t<\/div>\n\t\t\t\t<\/div>\n\t\t\t\t<div class=\"elementor-element elementor-element-58023b5 elementor-widget elementor-widget-text-editor\" data-id=\"58023b5\" data-element_type=\"widget\" data-widget_type=\"text-editor.default\">\n\t\t\t\t<div class=\"elementor-widget-container\">\n\t\t\t\t\t\t\t\t\t<p>Potencia la visibilidad de tus productos en Amazon desde tu perfil p\u00fablico de MyPublicInbox.<\/p>\t\t\t\t\t\t\t\t<\/div>\n\t\t\t\t<\/div>\n\t\t\t\t\t<\/div>\n\t\t<\/div>\n\t\t\t\t<div class=\"elementor-column elementor-col-50 elementor-top-column elementor-element elementor-element-e95b631\" data-id=\"e95b631\" data-element_type=\"column\">\n\t\t\t<div class=\"elementor-widget-wrap elementor-element-populated\">\n\t\t\t\t\t\t<div class=\"elementor-element elementor-element-0e194b7 elementor-align-right elementor-mobile-align-center elementor-widget elementor-widget-button\" data-id=\"0e194b7\" data-element_type=\"widget\" data-widget_type=\"button.default\">\n\t\t\t\t<div class=\"elementor-widget-container\">\n\t\t\t\t\t\t\t\t\t<div class=\"elementor-button-wrapper\">\n\t\t\t\t\t<a class=\"elementor-button elementor-button-link elementor-size-sm\" href=\"\/dashboard\">\n\t\t\t\t\t\t<span class=\"elementor-button-content-wrapper\">\n\t\t\t\t\t\t<span class=\"elementor-button-icon\">\n\t\t\t\t<i aria-hidden=\"true\" class=\"fas fa-angle-right\"><\/i>\t\t\t<\/span>\n\t\t\t\t\t\t\t\t\t<span class=\"elementor-button-text\">Reg\u00edstrate ahora<\/span>\n\t\t\t\t\t<\/span>\n\t\t\t\t\t<\/a>\n\t\t\t\t<\/div>\n\t\t\t\t\t\t\t\t<\/div>\n\t\t\t\t<\/div>\n\t\t\t\t\t<\/div>\n\t\t<\/div>\n\t\t\t\t\t<\/div>\n\t\t<\/section>\n\t\t\t\t<\/div>\n\t\t","protected":false},"excerpt":{"rendered":"<p>Mi impacto en Amazon Aumenta f\u00e1cilmente la visibilidad de tus productos en Amazon Aumenta la visibilidad de tus productos en Amazon mediante tu perfil p\u00fablico. Nos encargamos de optimizar su presencia y alcance para llegar a m\u00e1s personas. \u00a1A\u00f1ade tus productos y promoci\u00f3nalos! Quiero mejorar mi impacto en Amazon Dale visibilidad a tus productos en [&hellip;]<\/p>\n","protected":false},"author":1,"featured_media":2034,"parent":0,"menu_order":0,"comment_status":"closed","ping_status":"closed","template":"","meta":{"inline_featured_image":false,"footnotes":""},"class_list":["post-232","page","type-page","status-publish","has-post-thumbnail","hentry"],"_links":{"self":[{"href":"https:\/\/mpib.hostdev.eu\/es\/wp-json\/wp\/v2\/pages\/232","targetHints":{"allow":["GET"]}}],"collection":[{"href":"https:\/\/mpib.hostdev.eu\/es\/wp-json\/wp\/v2\/pages"}],"about":[{"href":"https:\/\/mpib.hostdev.eu\/es\/wp-json\/wp\/v2\/types\/page"}],"author":[{"embeddable":true,"href":"https:\/\/mpib.hostdev.eu\/es\/wp-json\/wp\/v2\/users\/1"}],"replies":[{"embeddable":true,"href":"https:\/\/mpib.hostdev.eu\/es\/wp-json\/wp\/v2\/comments?post=232"}],"version-history":[{"count":31,"href":"https:\/\/mpib.hostdev.eu\/es\/wp-json\/wp\/v2\/pages\/232\/revisions"}],"predecessor-version":[{"id":2290,"href":"https:\/\/mpib.hostdev.eu\/es\/wp-json\/wp\/v2\/pages\/232\/revisions\/2290"}],"wp:featuredmedia":[{"embeddable":true,"href":"https:\/\/mpib.hostdev.eu\/es\/wp-json\/wp\/v2\/media\/2034"}],"wp:attachment":[{"href":"https:\/\/mpib.hostdev.eu\/es\/wp-json\/wp\/v2\/media?parent=232"}],"curies":[{"name":"wp","href":"https:\/\/api.w.org\/{rel}","templated":true}]}}