{"id":224,"date":"2024-11-26T08:30:31","date_gmt":"2024-11-26T08:30:31","guid":{"rendered":"https:\/\/mpib.hostdev.eu\/?page_id=224"},"modified":"2025-03-10T15:15:07","modified_gmt":"2025-03-10T15:15:07","slug":"reputacion-online","status":"publish","type":"page","link":"https:\/\/mpib.hostdev.eu\/es\/reputacion-online\/","title":{"rendered":"Reputaci\u00f3n online"},"content":{"rendered":"\t\t<div data-elementor-type=\"wp-page\" data-elementor-id=\"224\" class=\"elementor elementor-224\" data-elementor-post-type=\"page\">\n\t\t\t\t\t\t<section class=\"elementor-section elementor-top-section elementor-element elementor-element-cca3eb8 elementor-section-boxed elementor-section-height-default elementor-section-height-default\" data-id=\"cca3eb8\" data-element_type=\"section\">\n\t\t\t\t\t\t<div class=\"elementor-container elementor-column-gap-default\">\n\t\t\t\t\t<div class=\"elementor-column elementor-col-100 elementor-top-column elementor-element elementor-element-3947029\" data-id=\"3947029\" data-element_type=\"column\">\n\t\t\t<div class=\"elementor-widget-wrap\">\n\t\t\t\t\t\t\t<\/div>\n\t\t<\/div>\n\t\t\t\t\t<\/div>\n\t\t<\/section>\n\t\t\t\t<section class=\"elementor-section elementor-top-section elementor-element elementor-element-9e67f7a elementor-section-boxed elementor-section-height-default elementor-section-height-default\" data-id=\"9e67f7a\" data-element_type=\"section\">\n\t\t\t\t\t\t<div class=\"elementor-container elementor-column-gap-default\">\n\t\t\t\t\t<div class=\"elementor-column elementor-col-50 elementor-top-column elementor-element elementor-element-3eb262c\" data-id=\"3eb262c\" data-element_type=\"column\">\n\t\t\t<div class=\"elementor-widget-wrap elementor-element-populated\">\n\t\t\t\t\t\t<div class=\"elementor-element elementor-element-cf84d6d elementor-widget elementor-widget-heading\" data-id=\"cf84d6d\" data-element_type=\"widget\" data-widget_type=\"heading.default\">\n\t\t\t\t<div class=\"elementor-widget-container\">\n\t\t\t\t\t<h1 class=\"elementor-heading-title elementor-size-default\">Reputaci\u00f3n online<\/h1>\t\t\t\t<\/div>\n\t\t\t\t<\/div>\n\t\t\t\t<div class=\"elementor-element elementor-element-7783b10 elementor-widget elementor-widget-heading\" data-id=\"7783b10\" data-element_type=\"widget\" data-widget_type=\"heading.default\">\n\t\t\t\t<div class=\"elementor-widget-container\">\n\t\t\t\t\t<h2 class=\"elementor-heading-title elementor-size-default\">Elimina el contenido de la red negativo y destaca tus logros<\/h2>\t\t\t\t<\/div>\n\t\t\t\t<\/div>\n\t\t\t\t<div class=\"elementor-element elementor-element-cad050e elementor-widget elementor-widget-text-editor\" data-id=\"cad050e\" data-element_type=\"widget\" data-widget_type=\"text-editor.default\">\n\t\t\t\t<div class=\"elementor-widget-container\">\n\t\t\t\t\t\t\t\t\t<p>MyPublicInbox ofrece m\u00fatiples servicios para mejorar la reputaci\u00f3n online: campa\u00f1as en medios para ganar visibilidad, an\u00e1lisis de reputaci\u00f3n en l\u00ednea, protecci\u00f3n de dominios para evitar suplantaciones y eliminaci\u00f3n de datos no deseados. Cada servicio est\u00e1 dise\u00f1ado para gestionar y fortalecer tu presencia en internet, apoyado por expertos que te gu\u00edan en cada paso, asegurando confianza y control de tu imagen digital.<\/p>\t\t\t\t\t\t\t\t<\/div>\n\t\t\t\t<\/div>\n\t\t\t\t<div class=\"elementor-element elementor-element-30fe3f1 elementor-widget elementor-widget-button\" data-id=\"30fe3f1\" data-element_type=\"widget\" data-widget_type=\"button.default\">\n\t\t\t\t<div class=\"elementor-widget-container\">\n\t\t\t\t\t\t\t\t\t<div class=\"elementor-button-wrapper\">\n\t\t\t\t\t<a class=\"elementor-button elementor-button-link elementor-size-sm\" href=\"\/dashboard\">\n\t\t\t\t\t\t<span class=\"elementor-button-content-wrapper\">\n\t\t\t\t\t\t\t\t\t<span class=\"elementor-button-text\">Quiero optimizar mi reputaci\u00f3n online<\/span>\n\t\t\t\t\t<\/span>\n\t\t\t\t\t<\/a>\n\t\t\t\t<\/div>\n\t\t\t\t\t\t\t\t<\/div>\n\t\t\t\t<\/div>\n\t\t\t\t\t<\/div>\n\t\t<\/div>\n\t\t\t\t<div class=\"elementor-column elementor-col-50 elementor-top-column elementor-element elementor-element-6168873\" data-id=\"6168873\" data-element_type=\"column\">\n\t\t\t<div class=\"elementor-widget-wrap elementor-element-populated\">\n\t\t\t\t\t\t<div class=\"elementor-element elementor-element-58cfaa1 elementor-widget elementor-widget-image\" data-id=\"58cfaa1\" data-element_type=\"widget\" data-widget_type=\"image.default\">\n\t\t\t\t<div class=\"elementor-widget-container\">\n\t\t\t\t\t\t\t\t\t\t\t\t\t\t\t<img fetchpriority=\"high\" decoding=\"async\" width=\"480\" height=\"521\" src=\"\/wp-content\/uploads\/2024\/12\/intro-reputacion-online-1.webp\" class=\"attachment-full size-full wp-image-947\" alt=\"Reputaci\u00f3n online\" srcset=\"\/wp-content\/uploads\/2024\/12\/intro-reputacion-online-1.webp 480w, \/wp-content\/uploads\/2024\/12\/intro-reputacion-online-1-276x300.webp 276w\" sizes=\"(max-width: 480px) 100vw, 480px\" \/>\t\t\t\t\t\t\t\t\t\t\t\t\t\t\t<\/div>\n\t\t\t\t<\/div>\n\t\t\t\t\t<\/div>\n\t\t<\/div>\n\t\t\t\t\t<\/div>\n\t\t<\/section>\n\t\t\t\t<section class=\"elementor-section elementor-top-section elementor-element elementor-element-7fb4f1c elementor-section-boxed elementor-section-height-default elementor-section-height-default\" data-id=\"7fb4f1c\" data-element_type=\"section\" data-settings=\"{&quot;background_background&quot;:&quot;classic&quot;}\">\n\t\t\t\t\t\t<div class=\"elementor-container elementor-column-gap-default\">\n\t\t\t\t\t<div class=\"elementor-column elementor-col-100 elementor-top-column elementor-element elementor-element-2fbc8bb\" data-id=\"2fbc8bb\" data-element_type=\"column\">\n\t\t\t<div class=\"elementor-widget-wrap elementor-element-populated\">\n\t\t\t\t\t\t<section class=\"elementor-section elementor-inner-section elementor-element elementor-element-2031f0e elementor-section-boxed elementor-section-height-default elementor-section-height-default\" data-id=\"2031f0e\" data-element_type=\"section\">\n\t\t\t\t\t\t<div class=\"elementor-container elementor-column-gap-wider\">\n\t\t\t\t\t<div class=\"elementor-column elementor-col-50 elementor-inner-column elementor-element elementor-element-d48fc3b\" data-id=\"d48fc3b\" data-element_type=\"column\">\n\t\t\t<div class=\"elementor-widget-wrap elementor-element-populated\">\n\t\t\t\t\t\t<div class=\"elementor-element elementor-element-048223e elementor-widget elementor-widget-heading\" data-id=\"048223e\" data-element_type=\"widget\" data-widget_type=\"heading.default\">\n\t\t\t\t<div class=\"elementor-widget-container\">\n\t\t\t\t\t<h2 class=\"elementor-heading-title elementor-size-default\">Campa\u00f1a personalizada en medios<\/h2>\t\t\t\t<\/div>\n\t\t\t\t<\/div>\n\t\t\t\t<div class=\"elementor-element elementor-element-0c9a4db elementor-widget elementor-widget-text-editor\" data-id=\"0c9a4db\" data-element_type=\"widget\" data-widget_type=\"text-editor.default\">\n\t\t\t\t<div class=\"elementor-widget-container\">\n\t\t\t\t\t\t\t\t\t<p>Ser reconocido como una fuente experta y de confianza en tu sector es m\u00e1s que un logro; es un salto que <strong>transforma tu presencia y reputaci\u00f3n en la red<\/strong>. Imagina ver tu nombre y tu experiencia citados en medios digitales influyentes, convirti\u00e9ndote en la referencia que todos buscan. En MyPublicinbox, hemos dise\u00f1ado una herramienta ideal ello con nuestra <strong>\u201cCampa\u00f1a personalizada en medios\u201d<\/strong>, impulsada por Tempos.<\/p><p>Nuestro plan te va asegurar asegurar 10 impactos en distintos medios, con lo que\u00a0 ayudamos a que tu perfil p\u00fablico gane visibilidad. Marca la diferencia entre ser uno o una m\u00e1s en la multitud o destacarte.<\/p><p>Y lo mejor de todo, no tienes que hacerlo solo o sola. Nuestros expertos est\u00e1n aqu\u00ed para dise\u00f1ar contigo la estrategia que m\u00e1s se ajuste a tus objetivos, respondiendo todas tus preguntas y asesor\u00e1ndote de una manera personalizada.<\/p><p>\u00bfQuieres elevar tu presencia en medios? An\u00edmate y da el primer paso.<\/p>\t\t\t\t\t\t\t\t<\/div>\n\t\t\t\t<\/div>\n\t\t\t\t\t<\/div>\n\t\t<\/div>\n\t\t\t\t<div class=\"elementor-column elementor-col-50 elementor-inner-column elementor-element elementor-element-aa6b994\" data-id=\"aa6b994\" data-element_type=\"column\">\n\t\t\t<div class=\"elementor-widget-wrap elementor-element-populated\">\n\t\t\t\t\t\t<div class=\"elementor-element elementor-element-6a56299 elementor-widget elementor-widget-image\" data-id=\"6a56299\" data-element_type=\"widget\" data-widget_type=\"image.default\">\n\t\t\t\t<div class=\"elementor-widget-container\">\n\t\t\t\t\t\t\t\t\t\t\t\t\t\t\t<img decoding=\"async\" width=\"526\" height=\"499\" src=\"\/wp-content\/uploads\/2024\/11\/reputacion-online-01.webp\" class=\"attachment-full size-full wp-image-518\" alt=\"Reputaci\u00f3n online\" srcset=\"\/wp-content\/uploads\/2024\/11\/reputacion-online-01.webp 526w, \/wp-content\/uploads\/2024\/11\/reputacion-online-01-300x285.webp 300w\" sizes=\"(max-width: 526px) 100vw, 526px\" \/>\t\t\t\t\t\t\t\t\t\t\t\t\t\t\t<\/div>\n\t\t\t\t<\/div>\n\t\t\t\t\t<\/div>\n\t\t<\/div>\n\t\t\t\t\t<\/div>\n\t\t<\/section>\n\t\t\t\t<section class=\"elementor-section elementor-inner-section elementor-element elementor-element-9dd6beb elementor-reverse-mobile elementor-section-boxed elementor-section-height-default elementor-section-height-default\" data-id=\"9dd6beb\" data-element_type=\"section\">\n\t\t\t\t\t\t<div class=\"elementor-container elementor-column-gap-wider\">\n\t\t\t\t\t<div class=\"elementor-column elementor-col-50 elementor-inner-column elementor-element elementor-element-e7d7ca2\" data-id=\"e7d7ca2\" data-element_type=\"column\">\n\t\t\t<div class=\"elementor-widget-wrap elementor-element-populated\">\n\t\t\t\t\t\t<div class=\"elementor-element elementor-element-0fb2d0e elementor-widget elementor-widget-image\" data-id=\"0fb2d0e\" data-element_type=\"widget\" data-widget_type=\"image.default\">\n\t\t\t\t<div class=\"elementor-widget-container\">\n\t\t\t\t\t\t\t\t\t\t\t\t\t\t\t<img decoding=\"async\" width=\"487\" height=\"392\" src=\"\/wp-content\/uploads\/2024\/11\/reputacion-online-02.webp\" class=\"attachment-full size-full wp-image-519\" alt=\"Reputaci\u00f3n online\" srcset=\"\/wp-content\/uploads\/2024\/11\/reputacion-online-02.webp 487w, \/wp-content\/uploads\/2024\/11\/reputacion-online-02-300x241.webp 300w\" sizes=\"(max-width: 487px) 100vw, 487px\" \/>\t\t\t\t\t\t\t\t\t\t\t\t\t\t\t<\/div>\n\t\t\t\t<\/div>\n\t\t\t\t\t<\/div>\n\t\t<\/div>\n\t\t\t\t<div class=\"elementor-column elementor-col-50 elementor-inner-column elementor-element elementor-element-1ff1f5e\" data-id=\"1ff1f5e\" data-element_type=\"column\">\n\t\t\t<div class=\"elementor-widget-wrap elementor-element-populated\">\n\t\t\t\t\t\t<div class=\"elementor-element elementor-element-0e80e9f elementor-widget elementor-widget-heading\" data-id=\"0e80e9f\" data-element_type=\"widget\" data-widget_type=\"heading.default\">\n\t\t\t\t<div class=\"elementor-widget-container\">\n\t\t\t\t\t<h2 class=\"elementor-heading-title elementor-size-default\">Reputaci\u00f3n en L\u00ednea. Cuida lo que cuenta<\/h2>\t\t\t\t<\/div>\n\t\t\t\t<\/div>\n\t\t\t\t<div class=\"elementor-element elementor-element-887d05a elementor-widget elementor-widget-text-editor\" data-id=\"887d05a\" data-element_type=\"widget\" data-widget_type=\"text-editor.default\">\n\t\t\t\t<div class=\"elementor-widget-container\">\n\t\t\t\t\t\t\t\t\t<p>Tu reputaci\u00f3n en internet es m\u00e1s que simples opiniones; es la huella que dejas en cada clic, cada comentario y cada publicaci\u00f3n. En MyPublicinbox, <strong>te ayudamos a gestionar y mejorar esa percepci\u00f3n<\/strong>, para que tus oportunidades aumenten y la confianza en ti crezca.<\/p><p>\u00bfListo para tomar el control de tu reputaci\u00f3n en la red?, pues clica sobre el bot\u00f3n \u201cSolicitar\u201d y tu informe estar\u00e1 listo en 24\/48 horas.<\/p><p>Adem\u00e1s compara el \u201cantes y despu\u00e9s\u201d en el \u201cdetalle\u201d o revisa tu \u201c Historial de informes\u201d para conocer cada avance.<\/p>\t\t\t\t\t\t\t\t<\/div>\n\t\t\t\t<\/div>\n\t\t\t\t\t<\/div>\n\t\t<\/div>\n\t\t\t\t\t<\/div>\n\t\t<\/section>\n\t\t\t\t\t<\/div>\n\t\t<\/div>\n\t\t\t\t\t<\/div>\n\t\t<\/section>\n\t\t\t\t<section class=\"elementor-section elementor-top-section elementor-element elementor-element-cd4430a elementor-section-boxed elementor-section-height-default elementor-section-height-default\" data-id=\"cd4430a\" data-element_type=\"section\" data-settings=\"{&quot;background_background&quot;:&quot;gradient&quot;}\">\n\t\t\t\t\t\t<div class=\"elementor-container elementor-column-gap-default\">\n\t\t\t\t\t<div class=\"elementor-column elementor-col-50 elementor-top-column elementor-element elementor-element-3b58bf1\" data-id=\"3b58bf1\" data-element_type=\"column\">\n\t\t\t<div class=\"elementor-widget-wrap elementor-element-populated\">\n\t\t\t\t\t\t<div class=\"elementor-element elementor-element-1e2ffbd elementor-widget elementor-widget-heading\" data-id=\"1e2ffbd\" data-element_type=\"widget\" data-widget_type=\"heading.default\">\n\t\t\t\t<div class=\"elementor-widget-container\">\n\t\t\t\t\t<h2 class=\"elementor-heading-title elementor-size-default\">Utiliza MyPublicInbox para mejorar tu reputaci\u00f3n online<\/h2>\t\t\t\t<\/div>\n\t\t\t\t<\/div>\n\t\t\t\t<div class=\"elementor-element elementor-element-8672874 elementor-widget elementor-widget-text-editor\" data-id=\"8672874\" data-element_type=\"widget\" data-widget_type=\"text-editor.default\">\n\t\t\t\t<div class=\"elementor-widget-container\">\n\t\t\t\t\t\t\t\t\t<p>Gestiona y fortalece tu presencia en l\u00ednea con herramientas de reputaci\u00f3n en MyPublicInbox.<\/p>\t\t\t\t\t\t\t\t<\/div>\n\t\t\t\t<\/div>\n\t\t\t\t\t<\/div>\n\t\t<\/div>\n\t\t\t\t<div class=\"elementor-column elementor-col-50 elementor-top-column elementor-element elementor-element-a49a187\" data-id=\"a49a187\" data-element_type=\"column\">\n\t\t\t<div class=\"elementor-widget-wrap elementor-element-populated\">\n\t\t\t\t\t\t<div class=\"elementor-element elementor-element-27482c0 elementor-align-right elementor-mobile-align-center elementor-widget elementor-widget-button\" data-id=\"27482c0\" data-element_type=\"widget\" data-widget_type=\"button.default\">\n\t\t\t\t<div class=\"elementor-widget-container\">\n\t\t\t\t\t\t\t\t\t<div class=\"elementor-button-wrapper\">\n\t\t\t\t\t<a class=\"elementor-button elementor-button-link elementor-size-sm\" href=\"\/dashboard\">\n\t\t\t\t\t\t<span class=\"elementor-button-content-wrapper\">\n\t\t\t\t\t\t<span class=\"elementor-button-icon\">\n\t\t\t\t<i aria-hidden=\"true\" class=\"fas fa-angle-right\"><\/i>\t\t\t<\/span>\n\t\t\t\t\t\t\t\t\t<span class=\"elementor-button-text\">Reg\u00edstrate ahora<\/span>\n\t\t\t\t\t<\/span>\n\t\t\t\t\t<\/a>\n\t\t\t\t<\/div>\n\t\t\t\t\t\t\t\t<\/div>\n\t\t\t\t<\/div>\n\t\t\t\t\t<\/div>\n\t\t<\/div>\n\t\t\t\t\t<\/div>\n\t\t<\/section>\n\t\t\t\t<section class=\"elementor-section elementor-top-section elementor-element elementor-element-724a57c elementor-section-boxed elementor-section-height-default elementor-section-height-default\" data-id=\"724a57c\" data-element_type=\"section\" data-settings=\"{&quot;background_background&quot;:&quot;classic&quot;}\">\n\t\t\t\t\t\t<div class=\"elementor-container elementor-column-gap-default\">\n\t\t\t\t\t<div class=\"elementor-column elementor-col-100 elementor-top-column elementor-element elementor-element-0600d0c\" data-id=\"0600d0c\" data-element_type=\"column\">\n\t\t\t<div class=\"elementor-widget-wrap elementor-element-populated\">\n\t\t\t\t\t\t<section class=\"elementor-section elementor-inner-section elementor-element elementor-element-762fc00 elementor-section-boxed elementor-section-height-default elementor-section-height-default\" data-id=\"762fc00\" data-element_type=\"section\">\n\t\t\t\t\t\t<div class=\"elementor-container elementor-column-gap-wider\">\n\t\t\t\t\t<div class=\"elementor-column elementor-col-50 elementor-inner-column elementor-element elementor-element-9ceed7d\" data-id=\"9ceed7d\" data-element_type=\"column\">\n\t\t\t<div class=\"elementor-widget-wrap elementor-element-populated\">\n\t\t\t\t\t\t<div class=\"elementor-element elementor-element-999bdce elementor-widget elementor-widget-heading\" data-id=\"999bdce\" data-element_type=\"widget\" data-widget_type=\"heading.default\">\n\t\t\t\t<div class=\"elementor-widget-container\">\n\t\t\t\t\t<h2 class=\"elementor-heading-title elementor-size-default\">Protecci\u00f3n de dominios personales y compra de dominios<\/h2>\t\t\t\t<\/div>\n\t\t\t\t<\/div>\n\t\t\t\t<div class=\"elementor-element elementor-element-d6885ba elementor-widget elementor-widget-text-editor\" data-id=\"d6885ba\" data-element_type=\"widget\" data-widget_type=\"text-editor.default\">\n\t\t\t\t<div class=\"elementor-widget-container\">\n\t\t\t\t\t\t\t\t\t<p>Tu dominio es tu casa en la red y protegerlo es, sin dudas, fundamental . Con nuestro servicio \u201cProtecci\u00f3n de dominios personales\u201d, puedes <strong>adquirir tus dominios con Tempos<\/strong>, evitando suplantaciones y redirigiendo a tus perfiles en MyPublicinbox o a tus p\u00e1ginas personales. Elije un dominio y extensi\u00f3n y verifica la disponibilidad y precio, y si est\u00e1s de acuerdo, a\u00f1\u00e1delo al \u201ccarrito de la compra\u201d para asegurar tu dominio.<\/p>\t\t\t\t\t\t\t\t<\/div>\n\t\t\t\t<\/div>\n\t\t\t\t\t<\/div>\n\t\t<\/div>\n\t\t\t\t<div class=\"elementor-column elementor-col-50 elementor-inner-column elementor-element elementor-element-1068b8b\" data-id=\"1068b8b\" data-element_type=\"column\">\n\t\t\t<div class=\"elementor-widget-wrap elementor-element-populated\">\n\t\t\t\t\t\t<div class=\"elementor-element elementor-element-f287c66 elementor-widget elementor-widget-image\" data-id=\"f287c66\" data-element_type=\"widget\" data-widget_type=\"image.default\">\n\t\t\t\t<div class=\"elementor-widget-container\">\n\t\t\t\t\t\t\t\t\t\t\t\t\t\t\t<img loading=\"lazy\" decoding=\"async\" width=\"569\" height=\"343\" src=\"\/wp-content\/uploads\/2024\/11\/reputacion-online-03.webp\" class=\"attachment-full size-full wp-image-520\" alt=\"Reputaci\u00f3n online\" srcset=\"\/wp-content\/uploads\/2024\/11\/reputacion-online-03.webp 569w, \/wp-content\/uploads\/2024\/11\/reputacion-online-03-300x181.webp 300w\" sizes=\"(max-width: 569px) 100vw, 569px\" \/>\t\t\t\t\t\t\t\t\t\t\t\t\t\t\t<\/div>\n\t\t\t\t<\/div>\n\t\t\t\t\t<\/div>\n\t\t<\/div>\n\t\t\t\t\t<\/div>\n\t\t<\/section>\n\t\t\t\t<section class=\"elementor-section elementor-inner-section elementor-element elementor-element-ca150e5 elementor-reverse-mobile elementor-section-boxed elementor-section-height-default elementor-section-height-default\" data-id=\"ca150e5\" data-element_type=\"section\">\n\t\t\t\t\t\t<div class=\"elementor-container elementor-column-gap-wider\">\n\t\t\t\t\t<div class=\"elementor-column elementor-col-50 elementor-inner-column elementor-element elementor-element-42e3a2f\" data-id=\"42e3a2f\" data-element_type=\"column\">\n\t\t\t<div class=\"elementor-widget-wrap elementor-element-populated\">\n\t\t\t\t\t\t<div class=\"elementor-element elementor-element-a6f7185 elementor-widget elementor-widget-image\" data-id=\"a6f7185\" data-element_type=\"widget\" data-widget_type=\"image.default\">\n\t\t\t\t<div class=\"elementor-widget-container\">\n\t\t\t\t\t\t\t\t\t\t\t\t\t\t\t<img loading=\"lazy\" decoding=\"async\" width=\"506\" height=\"218\" src=\"\/wp-content\/uploads\/2024\/11\/reputacion-online-04.webp\" class=\"attachment-full size-full wp-image-559\" alt=\"Reputaci\u00f3n online\" srcset=\"\/wp-content\/uploads\/2024\/11\/reputacion-online-04.webp 506w, \/wp-content\/uploads\/2024\/11\/reputacion-online-04-300x129.webp 300w\" sizes=\"(max-width: 506px) 100vw, 506px\" \/>\t\t\t\t\t\t\t\t\t\t\t\t\t\t\t<\/div>\n\t\t\t\t<\/div>\n\t\t\t\t\t<\/div>\n\t\t<\/div>\n\t\t\t\t<div class=\"elementor-column elementor-col-50 elementor-inner-column elementor-element elementor-element-512e0f6\" data-id=\"512e0f6\" data-element_type=\"column\">\n\t\t\t<div class=\"elementor-widget-wrap elementor-element-populated\">\n\t\t\t\t\t\t<div class=\"elementor-element elementor-element-b544594 elementor-widget elementor-widget-heading\" data-id=\"b544594\" data-element_type=\"widget\" data-widget_type=\"heading.default\">\n\t\t\t\t<div class=\"elementor-widget-container\">\n\t\t\t\t\t<h2 class=\"elementor-heading-title elementor-size-default\">Eliminar datos de Internet<\/h2>\t\t\t\t<\/div>\n\t\t\t\t<\/div>\n\t\t\t\t<div class=\"elementor-element elementor-element-38dce92 elementor-widget elementor-widget-text-editor\" data-id=\"38dce92\" data-element_type=\"widget\" data-widget_type=\"text-editor.default\">\n\t\t\t\t<div class=\"elementor-widget-container\">\n\t\t\t\t\t\t\t\t\t<p>Tu informaci\u00f3n en la red no siempre est\u00e1 donde deber\u00eda estar o querr\u00edas que estuviese. Con este servicio de MyPublicInbox, nuestros expertos te ayudar\u00e1n a localizar y <strong>borrar esos rastros digitales indeseados<\/strong>. Solicita informaci\u00f3n y descubre c\u00f3mo, inform\u00e1ndote sin compromiso.<\/p>\t\t\t\t\t\t\t\t<\/div>\n\t\t\t\t<\/div>\n\t\t\t\t\t<\/div>\n\t\t<\/div>\n\t\t\t\t\t<\/div>\n\t\t<\/section>\n\t\t\t\t\t<\/div>\n\t\t<\/div>\n\t\t\t\t\t<\/div>\n\t\t<\/section>\n\t\t\t\t<section class=\"elementor-section elementor-top-section elementor-element elementor-element-db77e34 elementor-section-boxed elementor-section-height-default elementor-section-height-default\" data-id=\"db77e34\" data-element_type=\"section\" data-settings=\"{&quot;background_background&quot;:&quot;gradient&quot;}\">\n\t\t\t\t\t\t<div class=\"elementor-container elementor-column-gap-default\">\n\t\t\t\t\t<div class=\"elementor-column elementor-col-50 elementor-top-column elementor-element elementor-element-3212fb3\" data-id=\"3212fb3\" data-element_type=\"column\">\n\t\t\t<div class=\"elementor-widget-wrap elementor-element-populated\">\n\t\t\t\t\t\t<div class=\"elementor-element elementor-element-53020f7 elementor-widget elementor-widget-heading\" data-id=\"53020f7\" data-element_type=\"widget\" data-widget_type=\"heading.default\">\n\t\t\t\t<div class=\"elementor-widget-container\">\n\t\t\t\t\t<h2 class=\"elementor-heading-title elementor-size-default\">Mejora tu presencia en Internet con el apoyo de MyPublicInbox<\/h2>\t\t\t\t<\/div>\n\t\t\t\t<\/div>\n\t\t\t\t<div class=\"elementor-element elementor-element-a3ab238 elementor-widget elementor-widget-text-editor\" data-id=\"a3ab238\" data-element_type=\"widget\" data-widget_type=\"text-editor.default\">\n\t\t\t\t<div class=\"elementor-widget-container\">\n\t\t\t\t\t\t\t\t\t<p>Gestiona y fortalece tu presencia en l\u00ednea con herramientas de reputaci\u00f3n en MyPublicInbox.<\/p>\t\t\t\t\t\t\t\t<\/div>\n\t\t\t\t<\/div>\n\t\t\t\t\t<\/div>\n\t\t<\/div>\n\t\t\t\t<div class=\"elementor-column elementor-col-50 elementor-top-column elementor-element elementor-element-4019976\" data-id=\"4019976\" data-element_type=\"column\">\n\t\t\t<div class=\"elementor-widget-wrap elementor-element-populated\">\n\t\t\t\t\t\t<div class=\"elementor-element elementor-element-f2c2982 elementor-align-right elementor-mobile-align-center elementor-widget elementor-widget-button\" data-id=\"f2c2982\" data-element_type=\"widget\" data-widget_type=\"button.default\">\n\t\t\t\t<div class=\"elementor-widget-container\">\n\t\t\t\t\t\t\t\t\t<div class=\"elementor-button-wrapper\">\n\t\t\t\t\t<a class=\"elementor-button elementor-button-link elementor-size-sm\" href=\"\/dashboard\">\n\t\t\t\t\t\t<span class=\"elementor-button-content-wrapper\">\n\t\t\t\t\t\t<span class=\"elementor-button-icon\">\n\t\t\t\t<i aria-hidden=\"true\" class=\"fas fa-angle-right\"><\/i>\t\t\t<\/span>\n\t\t\t\t\t\t\t\t\t<span class=\"elementor-button-text\">Reg\u00edstrate ahora<\/span>\n\t\t\t\t\t<\/span>\n\t\t\t\t\t<\/a>\n\t\t\t\t<\/div>\n\t\t\t\t\t\t\t\t<\/div>\n\t\t\t\t<\/div>\n\t\t\t\t\t<\/div>\n\t\t<\/div>\n\t\t\t\t\t<\/div>\n\t\t<\/section>\n\t\t\t\t<\/div>\n\t\t","protected":false},"excerpt":{"rendered":"<p>Reputaci\u00f3n online Elimina el contenido de la red negativo y destaca tus logros MyPublicInbox ofrece m\u00fatiples servicios para mejorar la reputaci\u00f3n online: campa\u00f1as en medios para ganar visibilidad, an\u00e1lisis de reputaci\u00f3n en l\u00ednea, protecci\u00f3n de dominios para evitar suplantaciones y eliminaci\u00f3n de datos no deseados. Cada servicio est\u00e1 dise\u00f1ado para gestionar y fortalecer tu presencia [&hellip;]<\/p>\n","protected":false},"author":1,"featured_media":2028,"parent":0,"menu_order":0,"comment_status":"closed","ping_status":"closed","template":"","meta":{"inline_featured_image":false,"footnotes":""},"class_list":["post-224","page","type-page","status-publish","has-post-thumbnail","hentry"],"_links":{"self":[{"href":"https:\/\/mpib.hostdev.eu\/es\/wp-json\/wp\/v2\/pages\/224","targetHints":{"allow":["GET"]}}],"collection":[{"href":"https:\/\/mpib.hostdev.eu\/es\/wp-json\/wp\/v2\/pages"}],"about":[{"href":"https:\/\/mpib.hostdev.eu\/es\/wp-json\/wp\/v2\/types\/page"}],"author":[{"embeddable":true,"href":"https:\/\/mpib.hostdev.eu\/es\/wp-json\/wp\/v2\/users\/1"}],"replies":[{"embeddable":true,"href":"https:\/\/mpib.hostdev.eu\/es\/wp-json\/wp\/v2\/comments?post=224"}],"version-history":[{"count":38,"href":"https:\/\/mpib.hostdev.eu\/es\/wp-json\/wp\/v2\/pages\/224\/revisions"}],"predecessor-version":[{"id":2186,"href":"https:\/\/mpib.hostdev.eu\/es\/wp-json\/wp\/v2\/pages\/224\/revisions\/2186"}],"wp:featuredmedia":[{"embeddable":true,"href":"https:\/\/mpib.hostdev.eu\/es\/wp-json\/wp\/v2\/media\/2028"}],"wp:attachment":[{"href":"https:\/\/mpib.hostdev.eu\/es\/wp-json\/wp\/v2\/media?parent=224"}],"curies":[{"name":"wp","href":"https:\/\/api.w.org\/{rel}","templated":true}]}}