{"id":205,"date":"2024-11-21T10:58:28","date_gmt":"2024-11-21T10:58:28","guid":{"rendered":"https:\/\/mpib.hostdev.eu\/?page_id=205"},"modified":"2025-03-10T15:16:45","modified_gmt":"2025-03-10T15:16:45","slug":"tempos","status":"publish","type":"page","link":"https:\/\/mpib.hostdev.eu\/es\/tempos\/","title":{"rendered":"Tempos"},"content":{"rendered":"\t\t<div data-elementor-type=\"wp-page\" data-elementor-id=\"205\" class=\"elementor elementor-205\" data-elementor-post-type=\"page\">\n\t\t\t\t\t\t<section class=\"elementor-section elementor-top-section elementor-element elementor-element-85ca37d elementor-section-boxed elementor-section-height-default elementor-section-height-default\" data-id=\"85ca37d\" data-element_type=\"section\">\n\t\t\t\t\t\t<div class=\"elementor-container elementor-column-gap-default\">\n\t\t\t\t\t<div class=\"elementor-column elementor-col-100 elementor-top-column elementor-element elementor-element-f1c7753\" data-id=\"f1c7753\" data-element_type=\"column\">\n\t\t\t<div class=\"elementor-widget-wrap\">\n\t\t\t\t\t\t\t<\/div>\n\t\t<\/div>\n\t\t\t\t\t<\/div>\n\t\t<\/section>\n\t\t\t\t<section class=\"elementor-section elementor-top-section elementor-element elementor-element-32c52fb elementor-section-boxed elementor-section-height-default elementor-section-height-default\" data-id=\"32c52fb\" data-element_type=\"section\">\n\t\t\t\t\t\t<div class=\"elementor-container elementor-column-gap-default\">\n\t\t\t\t\t<div class=\"elementor-column elementor-col-50 elementor-top-column elementor-element elementor-element-909b693\" data-id=\"909b693\" data-element_type=\"column\">\n\t\t\t<div class=\"elementor-widget-wrap elementor-element-populated\">\n\t\t\t\t\t\t<div class=\"elementor-element elementor-element-a882361 elementor-widget elementor-widget-heading\" data-id=\"a882361\" data-element_type=\"widget\" data-widget_type=\"heading.default\">\n\t\t\t\t<div class=\"elementor-widget-container\">\n\t\t\t\t\t<h1 class=\"elementor-heading-title elementor-size-default\">Tempos<\/h1>\t\t\t\t<\/div>\n\t\t\t\t<\/div>\n\t\t\t\t<div class=\"elementor-element elementor-element-cd351de elementor-widget elementor-widget-heading\" data-id=\"cd351de\" data-element_type=\"widget\" data-widget_type=\"heading.default\">\n\t\t\t\t<div class=\"elementor-widget-container\">\n\t\t\t\t\t<h2 class=\"elementor-heading-title elementor-size-default\">Q\u00fae son los Tempos y c\u00f3mo adquirirlos<\/h2>\t\t\t\t<\/div>\n\t\t\t\t<\/div>\n\t\t\t\t<div class=\"elementor-element elementor-element-68b3801 elementor-widget elementor-widget-text-editor\" data-id=\"68b3801\" data-element_type=\"widget\" data-widget_type=\"text-editor.default\">\n\t\t\t\t<div class=\"elementor-widget-container\">\n\t\t\t\t\t\t\t\t\t<p>Los Tempos son el cr\u00e9dito virtual basado en tiempo de&nbsp; MyPublicInbox. Los Tempos son esenciales para adquirir servicios, interactuar con perfiles p\u00fablicos y realizar transacciones como agradecimientos o pagos&nbsp; dentro de la plataforma. Puedes obtener Tempos de muchas maneras.<\/p>\t\t\t\t\t\t\t\t<\/div>\n\t\t\t\t<\/div>\n\t\t\t\t<div class=\"elementor-element elementor-element-e79a328 elementor-widget elementor-widget-button\" data-id=\"e79a328\" data-element_type=\"widget\" data-widget_type=\"button.default\">\n\t\t\t\t<div class=\"elementor-widget-container\">\n\t\t\t\t\t\t\t\t\t<div class=\"elementor-button-wrapper\">\n\t\t\t\t\t<a class=\"elementor-button elementor-button-link elementor-size-sm\" href=\"\/dashboard\">\n\t\t\t\t\t\t<span class=\"elementor-button-content-wrapper\">\n\t\t\t\t\t\t\t\t\t<span class=\"elementor-button-text\">Quiero conseguir Tempos<\/span>\n\t\t\t\t\t<\/span>\n\t\t\t\t\t<\/a>\n\t\t\t\t<\/div>\n\t\t\t\t\t\t\t\t<\/div>\n\t\t\t\t<\/div>\n\t\t\t\t\t<\/div>\n\t\t<\/div>\n\t\t\t\t<div class=\"elementor-column elementor-col-50 elementor-top-column elementor-element elementor-element-0b621b0\" data-id=\"0b621b0\" data-element_type=\"column\">\n\t\t\t<div class=\"elementor-widget-wrap elementor-element-populated\">\n\t\t\t\t\t\t<div class=\"elementor-element elementor-element-253ab39 elementor-widget elementor-widget-image\" data-id=\"253ab39\" data-element_type=\"widget\" data-widget_type=\"image.default\">\n\t\t\t\t<div class=\"elementor-widget-container\">\n\t\t\t\t\t\t\t\t\t\t\t\t\t\t\t<img fetchpriority=\"high\" decoding=\"async\" width=\"514\" height=\"532\" src=\"\/wp-content\/uploads\/2024\/11\/intro-tempos.webp\" class=\"attachment-full size-full wp-image-415\" alt=\"Tempos\" srcset=\"\/wp-content\/uploads\/2024\/11\/intro-tempos.webp 514w, \/wp-content\/uploads\/2024\/11\/intro-tempos-290x300.webp 290w\" sizes=\"(max-width: 514px) 100vw, 514px\" \/>\t\t\t\t\t\t\t\t\t\t\t\t\t\t\t<\/div>\n\t\t\t\t<\/div>\n\t\t\t\t\t<\/div>\n\t\t<\/div>\n\t\t\t\t\t<\/div>\n\t\t<\/section>\n\t\t\t\t<section class=\"elementor-section elementor-top-section elementor-element elementor-element-c5926b3 elementor-section-boxed elementor-section-height-default elementor-section-height-default\" data-id=\"c5926b3\" data-element_type=\"section\" data-settings=\"{&quot;background_background&quot;:&quot;classic&quot;}\">\n\t\t\t\t\t\t<div class=\"elementor-container elementor-column-gap-default\">\n\t\t\t\t\t<div class=\"elementor-column elementor-col-100 elementor-top-column elementor-element elementor-element-43ce3f8\" data-id=\"43ce3f8\" data-element_type=\"column\">\n\t\t\t<div class=\"elementor-widget-wrap elementor-element-populated\">\n\t\t\t\t\t\t<section class=\"elementor-section elementor-inner-section elementor-element elementor-element-c611228 elementor-section-boxed elementor-section-height-default elementor-section-height-default\" data-id=\"c611228\" data-element_type=\"section\">\n\t\t\t\t\t\t<div class=\"elementor-container elementor-column-gap-wider\">\n\t\t\t\t\t<div class=\"elementor-column elementor-col-50 elementor-inner-column elementor-element elementor-element-9c11bc3\" data-id=\"9c11bc3\" data-element_type=\"column\">\n\t\t\t<div class=\"elementor-widget-wrap elementor-element-populated\">\n\t\t\t\t\t\t<div class=\"elementor-element elementor-element-ab39f7e elementor-widget elementor-widget-heading\" data-id=\"ab39f7e\" data-element_type=\"widget\" data-widget_type=\"heading.default\">\n\t\t\t\t<div class=\"elementor-widget-container\">\n\t\t\t\t\t<h2 class=\"elementor-heading-title elementor-size-default\">Compra directa<\/h2>\t\t\t\t<\/div>\n\t\t\t\t<\/div>\n\t\t\t\t<div class=\"elementor-element elementor-element-50c952c elementor-widget elementor-widget-text-editor\" data-id=\"50c952c\" data-element_type=\"widget\" data-widget_type=\"text-editor.default\">\n\t\t\t\t<div class=\"elementor-widget-container\">\n\t\t\t\t\t\t\t\t\t<p>Adquiere paquetes de Tempos mediante diversos m\u00e9todos de pago como Tarjeta, PayPal, Bizum o incluso criptomonedas . Para la compra, ve al secci\u00f3n de \u201cTempos\u201d y haz clic en \u201cComprar\u201d. Elige en la pantalla el pack con la cantidad que quieras y ya tendr\u00e1s tus Tempos adquiridos, despu\u00e9s de la validaci\u00f3n de la pasarela.<\/p>\t\t\t\t\t\t\t\t<\/div>\n\t\t\t\t<\/div>\n\t\t\t\t\t<\/div>\n\t\t<\/div>\n\t\t\t\t<div class=\"elementor-column elementor-col-50 elementor-inner-column elementor-element elementor-element-e15d443\" data-id=\"e15d443\" data-element_type=\"column\">\n\t\t\t<div class=\"elementor-widget-wrap elementor-element-populated\">\n\t\t\t\t\t\t<div class=\"elementor-element elementor-element-c1a73ae elementor-widget elementor-widget-image\" data-id=\"c1a73ae\" data-element_type=\"widget\" data-widget_type=\"image.default\">\n\t\t\t\t<div class=\"elementor-widget-container\">\n\t\t\t\t\t\t\t\t\t\t\t\t\t\t\t<img decoding=\"async\" width=\"526\" height=\"371\" src=\"\/wp-content\/uploads\/2024\/11\/tempos-01.webp\" class=\"attachment-full size-full wp-image-527\" alt=\"Tempos\" srcset=\"\/wp-content\/uploads\/2024\/11\/tempos-01.webp 526w, \/wp-content\/uploads\/2024\/11\/tempos-01-300x212.webp 300w\" sizes=\"(max-width: 526px) 100vw, 526px\" \/>\t\t\t\t\t\t\t\t\t\t\t\t\t\t\t<\/div>\n\t\t\t\t<\/div>\n\t\t\t\t\t<\/div>\n\t\t<\/div>\n\t\t\t\t\t<\/div>\n\t\t<\/section>\n\t\t\t\t<section class=\"elementor-section elementor-inner-section elementor-element elementor-element-c0bac7c elementor-reverse-mobile elementor-section-boxed elementor-section-height-default elementor-section-height-default\" data-id=\"c0bac7c\" data-element_type=\"section\">\n\t\t\t\t\t\t<div class=\"elementor-container elementor-column-gap-wider\">\n\t\t\t\t\t<div class=\"elementor-column elementor-col-50 elementor-inner-column elementor-element elementor-element-acc05f5\" data-id=\"acc05f5\" data-element_type=\"column\">\n\t\t\t<div class=\"elementor-widget-wrap elementor-element-populated\">\n\t\t\t\t\t\t<div class=\"elementor-element elementor-element-ba700da elementor-widget elementor-widget-image\" data-id=\"ba700da\" data-element_type=\"widget\" data-widget_type=\"image.default\">\n\t\t\t\t<div class=\"elementor-widget-container\">\n\t\t\t\t\t\t\t\t\t\t\t\t\t\t\t<img decoding=\"async\" width=\"553\" height=\"314\" src=\"\/wp-content\/uploads\/2024\/11\/tempos-02.webp\" class=\"attachment-full size-full wp-image-525\" alt=\"Tempos\" srcset=\"\/wp-content\/uploads\/2024\/11\/tempos-02.webp 553w, \/wp-content\/uploads\/2024\/11\/tempos-02-300x170.webp 300w\" sizes=\"(max-width: 553px) 100vw, 553px\" \/>\t\t\t\t\t\t\t\t\t\t\t\t\t\t\t<\/div>\n\t\t\t\t<\/div>\n\t\t\t\t\t<\/div>\n\t\t<\/div>\n\t\t\t\t<div class=\"elementor-column elementor-col-50 elementor-inner-column elementor-element elementor-element-dd44399\" data-id=\"dd44399\" data-element_type=\"column\">\n\t\t\t<div class=\"elementor-widget-wrap elementor-element-populated\">\n\t\t\t\t\t\t<div class=\"elementor-element elementor-element-7b2a663 elementor-widget elementor-widget-heading\" data-id=\"7b2a663\" data-element_type=\"widget\" data-widget_type=\"heading.default\">\n\t\t\t\t<div class=\"elementor-widget-container\">\n\t\t\t\t\t<h2 class=\"elementor-heading-title elementor-size-default\">Participaci\u00f3n en promociones<\/h2>\t\t\t\t<\/div>\n\t\t\t\t<\/div>\n\t\t\t\t<div class=\"elementor-element elementor-element-99c8607 elementor-widget elementor-widget-text-editor\" data-id=\"99c8607\" data-element_type=\"widget\" data-widget_type=\"text-editor.default\">\n\t\t\t\t<div class=\"elementor-widget-container\">\n\t\t\t\t\t\t\t\t\t<p>MyPublicInbox ofrece campa\u00f1as y actividades que permiten a los perfiles ganar Tempos de forma gratuita. Por ejemplo eventos, conferencias, compras patrocinadas, etc.. Permanece atento\/a y siempre vas a encontrar formas de aumentar tus Tempos en diferentes promos.<\/p>\t\t\t\t\t\t\t\t<\/div>\n\t\t\t\t<\/div>\n\t\t\t\t\t<\/div>\n\t\t<\/div>\n\t\t\t\t\t<\/div>\n\t\t<\/section>\n\t\t\t\t<section class=\"elementor-section elementor-inner-section elementor-element elementor-element-a98aa90 elementor-section-boxed elementor-section-height-default elementor-section-height-default\" data-id=\"a98aa90\" data-element_type=\"section\">\n\t\t\t\t\t\t<div class=\"elementor-container elementor-column-gap-wider\">\n\t\t\t\t\t<div class=\"elementor-column elementor-col-50 elementor-inner-column elementor-element elementor-element-43ad8b4\" data-id=\"43ad8b4\" data-element_type=\"column\">\n\t\t\t<div class=\"elementor-widget-wrap elementor-element-populated\">\n\t\t\t\t\t\t<div class=\"elementor-element elementor-element-f7a0ac3 elementor-widget elementor-widget-heading\" data-id=\"f7a0ac3\" data-element_type=\"widget\" data-widget_type=\"heading.default\">\n\t\t\t\t<div class=\"elementor-widget-container\">\n\t\t\t\t\t<h2 class=\"elementor-heading-title elementor-size-default\">Interacciones en redes sociales<\/h2>\t\t\t\t<\/div>\n\t\t\t\t<\/div>\n\t\t\t\t<div class=\"elementor-element elementor-element-4beaa7f elementor-widget elementor-widget-text-editor\" data-id=\"4beaa7f\" data-element_type=\"widget\" data-widget_type=\"text-editor.default\">\n\t\t\t\t<div class=\"elementor-widget-container\">\n\t\t\t\t\t\t\t\t\t<p>Algunas promociones recompensan acciones en plataformas como X, donde puedes ganar Tempos por \u00abretweets\u00bb, follows o compartiendo contenido espec\u00edfico.<\/p><p>Mantente atento\/a a las actualizaciones y campa\u00f1as de MyPublicInbox para aprovechar estas oportunidades y aumentar tu saldo de Tempos.<\/p>\t\t\t\t\t\t\t\t<\/div>\n\t\t\t\t<\/div>\n\t\t\t\t\t<\/div>\n\t\t<\/div>\n\t\t\t\t<div class=\"elementor-column elementor-col-50 elementor-inner-column elementor-element elementor-element-bb1c5c0\" data-id=\"bb1c5c0\" data-element_type=\"column\">\n\t\t\t<div class=\"elementor-widget-wrap elementor-element-populated\">\n\t\t\t\t\t\t<div class=\"elementor-element elementor-element-dd27325 elementor-widget elementor-widget-image\" data-id=\"dd27325\" data-element_type=\"widget\" data-widget_type=\"image.default\">\n\t\t\t\t<div class=\"elementor-widget-container\">\n\t\t\t\t\t\t\t\t\t\t\t\t\t\t\t<img loading=\"lazy\" decoding=\"async\" width=\"492\" height=\"298\" src=\"\/wp-content\/uploads\/2024\/11\/tempos-03.webp\" class=\"attachment-full size-full wp-image-526\" alt=\"Tempos\" srcset=\"\/wp-content\/uploads\/2024\/11\/tempos-03.webp 492w, \/wp-content\/uploads\/2024\/11\/tempos-03-300x182.webp 300w\" sizes=\"(max-width: 492px) 100vw, 492px\" \/>\t\t\t\t\t\t\t\t\t\t\t\t\t\t\t<\/div>\n\t\t\t\t<\/div>\n\t\t\t\t\t<\/div>\n\t\t<\/div>\n\t\t\t\t\t<\/div>\n\t\t<\/section>\n\t\t\t\t<section class=\"elementor-section elementor-inner-section elementor-element elementor-element-3b4273c elementor-reverse-mobile elementor-section-boxed elementor-section-height-default elementor-section-height-default\" data-id=\"3b4273c\" data-element_type=\"section\">\n\t\t\t\t\t\t<div class=\"elementor-container elementor-column-gap-wider\">\n\t\t\t\t\t<div class=\"elementor-column elementor-col-50 elementor-inner-column elementor-element elementor-element-0711647\" data-id=\"0711647\" data-element_type=\"column\">\n\t\t\t<div class=\"elementor-widget-wrap elementor-element-populated\">\n\t\t\t\t\t\t<div class=\"elementor-element elementor-element-bffae70 elementor-widget elementor-widget-image\" data-id=\"bffae70\" data-element_type=\"widget\" data-widget_type=\"image.default\">\n\t\t\t\t<div class=\"elementor-widget-container\">\n\t\t\t\t\t\t\t\t\t\t\t\t\t\t\t<img loading=\"lazy\" decoding=\"async\" width=\"553\" height=\"314\" src=\"\/wp-content\/uploads\/2024\/11\/tempos-04.webp\" class=\"attachment-full size-full wp-image-528\" alt=\"Tempos\" srcset=\"\/wp-content\/uploads\/2024\/11\/tempos-04.webp 553w, \/wp-content\/uploads\/2024\/11\/tempos-04-300x170.webp 300w\" sizes=\"(max-width: 553px) 100vw, 553px\" \/>\t\t\t\t\t\t\t\t\t\t\t\t\t\t\t<\/div>\n\t\t\t\t<\/div>\n\t\t\t\t\t<\/div>\n\t\t<\/div>\n\t\t\t\t<div class=\"elementor-column elementor-col-50 elementor-inner-column elementor-element elementor-element-c0b1f2f\" data-id=\"c0b1f2f\" data-element_type=\"column\">\n\t\t\t<div class=\"elementor-widget-wrap elementor-element-populated\">\n\t\t\t\t\t\t<div class=\"elementor-element elementor-element-01e70c9 elementor-widget elementor-widget-text-editor\" data-id=\"01e70c9\" data-element_type=\"widget\" data-widget_type=\"text-editor.default\">\n\t\t\t\t<div class=\"elementor-widget-container\">\n\t\t\t\t\t\t\t\t\t<p>En la secci\u00f3n de Tempos del men\u00fa tendr\u00e1s diferentes opciones y acciones con tu saldo como:<\/p><ul><li>Consultar tu saldo en Tempos y equivalencia en Euros<\/li><li>Movimientos de tu cuenta<\/li><li>Condiciones para retirada de Tempos a Euros<\/li><li>Transferir Tempos a un contacto<\/li><\/ul><p>Y una opci\u00f3n muy interesante, como es:<\/p><ul><li>Tempos en tu tienda online<\/li><\/ul><p>Si deseas que los perfiles de MyPublicInbox puedan canjear sus Tempos por cupones en los que pagar en tu web o tienda online, s\u00f3lo tienes que rellenar el formulario que se te pide y clicar en \u201cProponer\u201d para que nos pongamos en contacto contigo y manos a la obra.<\/p>\t\t\t\t\t\t\t\t<\/div>\n\t\t\t\t<\/div>\n\t\t\t\t\t<\/div>\n\t\t<\/div>\n\t\t\t\t\t<\/div>\n\t\t<\/section>\n\t\t\t\t\t<\/div>\n\t\t<\/div>\n\t\t\t\t\t<\/div>\n\t\t<\/section>\n\t\t\t\t<section class=\"elementor-section elementor-top-section elementor-element elementor-element-3ee6137 elementor-section-boxed elementor-section-height-default elementor-section-height-default\" data-id=\"3ee6137\" data-element_type=\"section\" data-settings=\"{&quot;background_background&quot;:&quot;gradient&quot;}\">\n\t\t\t\t\t\t<div class=\"elementor-container elementor-column-gap-default\">\n\t\t\t\t\t<div class=\"elementor-column elementor-col-50 elementor-top-column elementor-element elementor-element-291e748\" data-id=\"291e748\" data-element_type=\"column\">\n\t\t\t<div class=\"elementor-widget-wrap elementor-element-populated\">\n\t\t\t\t\t\t<div class=\"elementor-element elementor-element-bb4b6b5 elementor-widget elementor-widget-heading\" data-id=\"bb4b6b5\" data-element_type=\"widget\" data-widget_type=\"heading.default\">\n\t\t\t\t<div class=\"elementor-widget-container\">\n\t\t\t\t\t<h2 class=\"elementor-heading-title elementor-size-default\">Tempos<\/h2>\t\t\t\t<\/div>\n\t\t\t\t<\/div>\n\t\t\t\t<div class=\"elementor-element elementor-element-f2f522c elementor-widget elementor-widget-text-editor\" data-id=\"f2f522c\" data-element_type=\"widget\" data-widget_type=\"text-editor.default\">\n\t\t\t\t<div class=\"elementor-widget-container\">\n\t\t\t\t\t\t\t\t\t<p>El cr\u00e9dito virtual, basado en tiempo, que te permite dar y recibir valor en los diferentes servicios y herramientas de MyPublicInbox.<\/p>\t\t\t\t\t\t\t\t<\/div>\n\t\t\t\t<\/div>\n\t\t\t\t\t<\/div>\n\t\t<\/div>\n\t\t\t\t<div class=\"elementor-column elementor-col-50 elementor-top-column elementor-element elementor-element-0f5ca48\" data-id=\"0f5ca48\" data-element_type=\"column\">\n\t\t\t<div class=\"elementor-widget-wrap elementor-element-populated\">\n\t\t\t\t\t\t<div class=\"elementor-element elementor-element-7b50770 elementor-align-right elementor-mobile-align-center elementor-widget elementor-widget-button\" data-id=\"7b50770\" data-element_type=\"widget\" data-widget_type=\"button.default\">\n\t\t\t\t<div class=\"elementor-widget-container\">\n\t\t\t\t\t\t\t\t\t<div class=\"elementor-button-wrapper\">\n\t\t\t\t\t<a class=\"elementor-button elementor-button-link elementor-size-sm\" href=\"\/dashboard\">\n\t\t\t\t\t\t<span class=\"elementor-button-content-wrapper\">\n\t\t\t\t\t\t<span class=\"elementor-button-icon\">\n\t\t\t\t<i aria-hidden=\"true\" class=\"fas fa-angle-right\"><\/i>\t\t\t<\/span>\n\t\t\t\t\t\t\t\t\t<span class=\"elementor-button-text\">Reg\u00edstrate aqu\u00ed<\/span>\n\t\t\t\t\t<\/span>\n\t\t\t\t\t<\/a>\n\t\t\t\t<\/div>\n\t\t\t\t\t\t\t\t<\/div>\n\t\t\t\t<\/div>\n\t\t\t\t\t<\/div>\n\t\t<\/div>\n\t\t\t\t\t<\/div>\n\t\t<\/section>\n\t\t\t\t<\/div>\n\t\t","protected":false},"excerpt":{"rendered":"<p>Tempos Q\u00fae son los Tempos y c\u00f3mo adquirirlos Los Tempos son el cr\u00e9dito virtual basado en tiempo de&nbsp; MyPublicInbox. Los Tempos son esenciales para adquirir servicios, interactuar con perfiles p\u00fablicos y realizar transacciones como agradecimientos o pagos&nbsp; dentro de la plataforma. Puedes obtener Tempos de muchas maneras. Quiero conseguir Tempos Compra directa Adquiere paquetes de [&hellip;]<\/p>\n","protected":false},"author":1,"featured_media":2020,"parent":0,"menu_order":0,"comment_status":"closed","ping_status":"closed","template":"","meta":{"inline_featured_image":false,"footnotes":""},"class_list":["post-205","page","type-page","status-publish","has-post-thumbnail","hentry"],"_links":{"self":[{"href":"https:\/\/mpib.hostdev.eu\/es\/wp-json\/wp\/v2\/pages\/205","targetHints":{"allow":["GET"]}}],"collection":[{"href":"https:\/\/mpib.hostdev.eu\/es\/wp-json\/wp\/v2\/pages"}],"about":[{"href":"https:\/\/mpib.hostdev.eu\/es\/wp-json\/wp\/v2\/types\/page"}],"author":[{"embeddable":true,"href":"https:\/\/mpib.hostdev.eu\/es\/wp-json\/wp\/v2\/users\/1"}],"replies":[{"embeddable":true,"href":"https:\/\/mpib.hostdev.eu\/es\/wp-json\/wp\/v2\/comments?post=205"}],"version-history":[{"count":44,"href":"https:\/\/mpib.hostdev.eu\/es\/wp-json\/wp\/v2\/pages\/205\/revisions"}],"predecessor-version":[{"id":2204,"href":"https:\/\/mpib.hostdev.eu\/es\/wp-json\/wp\/v2\/pages\/205\/revisions\/2204"}],"wp:featuredmedia":[{"embeddable":true,"href":"https:\/\/mpib.hostdev.eu\/es\/wp-json\/wp\/v2\/media\/2020"}],"wp:attachment":[{"href":"https:\/\/mpib.hostdev.eu\/es\/wp-json\/wp\/v2\/media?parent=205"}],"curies":[{"name":"wp","href":"https:\/\/api.w.org\/{rel}","templated":true}]}}